{"id":1089,"date":"2017-01-06T11:14:44","date_gmt":"2017-01-06T09:14:44","guid":{"rendered":"https:\/\/www.sylvaindavid.com\/?page_id=1089"},"modified":"2020-10-09T11:04:06","modified_gmt":"2020-10-09T09:04:06","slug":"demande-envoyee","status":"publish","type":"page","link":"https:\/\/www.sylvaindavid.com\/en\/demande-envoyee\/","title":{"rendered":"Request sent"},"content":{"rendered":"<div      class=\"vc_row wpb_row section vc_row-fluid  grid_section full_screen_section\" style=' text-align:left;'><div class=\"section_inner clearfix\"><div class='section_inner_margin clearfix'><div class=\"wpb_column vc_column_container vc_col-sm-12\"><div class=\"vc_column-inner\"><div class=\"wpb_wrapper\"><div class=\"separator  normal\" style=\"opacity: 0;\"><\/div>\n\n\t<div class=\"wpb_text_column wpb_content_element\">\n\t\t<div class=\"wpb_wrapper\">\n\t\t\t<h2>Contact request sent<\/h2>\n<p>Your contact request has been processed. We will get back to you as soon as possible.<\/p>\n\n\t\t<\/div> \n\t<\/div> <div class=\"separator  normal\" style=\"opacity: 0;\"><\/div>\n\n\t<div class=\"wpb_text_column wpb_content_element\">\n\t\t<div class=\"wpb_wrapper\">\n\t\t\t<p>To find out more about Dr Sylvain David, you can watch his videos on YOUTUBE by clicking on the link below:<\/p>\n<a itemprop=\"url\" href=\"https:\/\/www.youtube.com\/user\/DrSylvainDavid?sub_confirmation=1\" target=\"_self\" class=\"qbutton  big_large default\" style=\"color: #ff0000; \" rel=\"noopener\">Follow Dr David on YOUTUBE<i class=\"qode_icon_font_awesome fa fa-youtube qode_button_icon_element\" style=\"color: #ff0000;\" ><\/i><\/a>\n\n\t\t<\/div> \n\t<\/div> <\/div><\/div><\/div><\/div><\/div><\/div>","protected":false},"excerpt":{"rendered":"Demande de contact envoy\u00e9e Votre demande de contact a bien \u00e9t\u00e9 prise en compte. Nous vous r\u00e9pondrons dans les meilleurs d\u00e9lais. Pour en savoir plus sur le docteur Sylvain David...","protected":false},"author":1,"featured_media":0,"parent":0,"menu_order":5,"comment_status":"closed","ping_status":"closed","template":"full_width.php","meta":{"footnotes":""},"class_list":["post-1089","page","type-page","status-publish","hentry"],"_links":{"self":[{"href":"https:\/\/www.sylvaindavid.com\/en\/wp-json\/wp\/v2\/pages\/1089","targetHints":{"allow":["GET"]}}],"collection":[{"href":"https:\/\/www.sylvaindavid.com\/en\/wp-json\/wp\/v2\/pages"}],"about":[{"href":"https:\/\/www.sylvaindavid.com\/en\/wp-json\/wp\/v2\/types\/page"}],"author":[{"embeddable":true,"href":"https:\/\/www.sylvaindavid.com\/en\/wp-json\/wp\/v2\/users\/1"}],"replies":[{"embeddable":true,"href":"https:\/\/www.sylvaindavid.com\/en\/wp-json\/wp\/v2\/comments?post=1089"}],"version-history":[{"count":0,"href":"https:\/\/www.sylvaindavid.com\/en\/wp-json\/wp\/v2\/pages\/1089\/revisions"}],"wp:attachment":[{"href":"https:\/\/www.sylvaindavid.com\/en\/wp-json\/wp\/v2\/media?parent=1089"}],"curies":[{"name":"wp","href":"https:\/\/api.w.org\/{rel}","templated":true}]}}