{"id":1212,"date":"2017-01-10T11:27:14","date_gmt":"2017-01-10T09:27:14","guid":{"rendered":"https:\/\/www.sylvaindavid.com\/?page_id=1212"},"modified":"2020-10-08T10:43:04","modified_gmt":"2020-10-08T08:43:04","slug":"liposuccion-culotte-de-cheval","status":"publish","type":"page","link":"https:\/\/www.sylvaindavid.com\/en\/chirurgie-silhouette\/liposuccion-culotte-de-cheval\/","title":{"rendered":"Liposuction saddlebags"},"content":{"rendered":"<div      class=\"vc_row wpb_row section vc_row-fluid\" style=' text-align:left;'><div class=\"full_section_inner clearfix\"><div class=\"wpb_column vc_column_container vc_col-sm-12\"><div class=\"vc_column-inner\"><div class=\"wpb_wrapper\"><div class=\"separator  normal\" style=\"margin-bottom: 10px;opacity: 0;height: 15px;\"><\/div>\n\n\t<div class=\"wpb_text_column wpb_content_element\">\n\t\t<div class=\"wpb_wrapper\">\n\t\t\t<h1 style=\"text-align: center;\">LIPOSUCTION SADDLEBAGS<\/h1>\n\n\t\t<\/div> \n\t<\/div> \n\t<div class=\"wpb_text_column wpb_content_element\">\n\t\t<div class=\"wpb_wrapper\">\n\t\t\t<p><a href=\"https:\/\/www.sylvaindavid.com\/wp-content\/uploads\/2017\/01\/LIPO-MINI2.jpg\"><img decoding=\"async\" class=\"alignleft size-full wp-image-1293\" src=\"https:\/\/www.sylvaindavid.com\/wp-content\/uploads\/2017\/01\/LIPO-MINI2.jpg\" alt=\"LIPO MINI2\" width=\"351\" height=\"197\" srcset=\"https:\/\/www.sylvaindavid.com\/wp-content\/uploads\/2017\/01\/LIPO-MINI2.jpg 351w, https:\/\/www.sylvaindavid.com\/wp-content\/uploads\/2017\/01\/LIPO-MINI2-300x168.jpg 300w\" sizes=\"(max-width: 351px) 100vw, 351px\" \/><\/a>Many women complain about the notorious saddlebags. They appear over the years, often during adolescence or the first pregnancy. Saddlebags are actually a large deposit of <strong>hip fat<\/strong> (see <a href=\"https:\/\/www.sylvaindavid.com\/en\/chirurgie-silhouette\/liposuccion-flancs-poignee-amour\/\">liposuction of love handles<\/a>) and extends over the buttocks and thighs. Even with effective dieting and exercise, this saddlebags may not disappear, as it is subcutaneous fat that is generally resistant to dieting. Liposuction is a good way to get rid of this fat stored in the hips and regain a sportier, more pleasing appearance. In recent years, liposuction has become the most popular cosmetic surgery procedure.<\/p>\n<h2>Everything you need to know about liposuction for saddlebags<\/h2>\n<p>The duration of a<strong> saddlebags liposuction<\/strong> is fast, lasting an average of one hour, but is often associated with other areas. For liposuction involving 1 or 2 areas, the patient is usually admitted to the clinic on an outpatient basis. This aesthetic surgery is normally performed under general anaesthetic, but it is also possible to request spinal anaesthesia, which is similar to an epidural.<\/p>\n<p>During the procedure, the surgeon infiltrates the hips, buttocks and thighs with a solution that makes it easier to remove fat. A small opening is made in the skin, through which an empty cannula is inserted to remove the fat. To carry out this operation, a machine is connected to these empty cannulas, pumping the fat deep and actively. Thanks to the back-and-forth motion of the machine, the entire <strong>liposuction area<\/strong> is completely covered. The cannulas used measure 3, 4 or 5 mm in diameter.<br \/>\nThe pain experienced varies considerably from one woman to another. According to various analyses and research, liposuction of the saddlebags can be graded at 3 on a scale of pain from 0 to 10. Pain is very well managed, however, thanks to simple analgesics that patients can take throughout the day. It's also important to note that the appearance of bruising is very frequent and completely normal.<\/p>\n<h2>What are the results of liposuction on saddlebags?<\/h2>\n<p>Visit<a href=\"https:\/\/www.sylvaindavid.com\/en\/chirurgie-silhouette\/liposuccion\/\"> liposuction<\/a> on the saddlebags generally gives good results. To improve results, liposuction of the saddlebags is often combined with fat transfer. The first changes take about ten days, due to post-operative edema. It takes around 3 months for the figure to recover, as the edema disappears and the skin tightens. The scars left by the operation are not very visible, as they are located under the fold of the buttock, but also on the outer side of the thigh and on the lower region of the hips.<\/p>\n<h2>What is the recovery process like?<\/h2>\n<p>Once the operation has been completed, a first follow-up consultation takes place 2 days later. Thereafter, a single consultation is required at one week, 1 month and 3 months. Patients must wear a support panty for 1 month, day and night, for a more effective, high-quality result. It is possible to gently resume sporting activity one week after the operation.<\/p>\n\n\t\t<\/div> \n\t<\/div> <\/div><\/div><\/div><\/div><\/div>","protected":false},"excerpt":{"rendered":"LIPOASPIRATION CULOTTE DE CHEVAL De nombreuses femmes se plaignent de la fameuse culotte de cheval. Celle-ci appara\u00eet au fil des ann\u00e9es, souvent durant l'adolescence ou durant la premi\u00e8re grossesse. La...","protected":false},"author":1,"featured_media":0,"parent":193,"menu_order":0,"comment_status":"closed","ping_status":"closed","template":"","meta":{"footnotes":""},"class_list":["post-1212","page","type-page","status-publish","hentry"],"_links":{"self":[{"href":"https:\/\/www.sylvaindavid.com\/en\/wp-json\/wp\/v2\/pages\/1212","targetHints":{"allow":["GET"]}}],"collection":[{"href":"https:\/\/www.sylvaindavid.com\/en\/wp-json\/wp\/v2\/pages"}],"about":[{"href":"https:\/\/www.sylvaindavid.com\/en\/wp-json\/wp\/v2\/types\/page"}],"author":[{"embeddable":true,"href":"https:\/\/www.sylvaindavid.com\/en\/wp-json\/wp\/v2\/users\/1"}],"replies":[{"embeddable":true,"href":"https:\/\/www.sylvaindavid.com\/en\/wp-json\/wp\/v2\/comments?post=1212"}],"version-history":[{"count":0,"href":"https:\/\/www.sylvaindavid.com\/en\/wp-json\/wp\/v2\/pages\/1212\/revisions"}],"up":[{"embeddable":true,"href":"https:\/\/www.sylvaindavid.com\/en\/wp-json\/wp\/v2\/pages\/193"}],"wp:attachment":[{"href":"https:\/\/www.sylvaindavid.com\/en\/wp-json\/wp\/v2\/media?parent=1212"}],"curies":[{"name":"wp","href":"https:\/\/api.w.org\/{rel}","templated":true}]}}