{"id":210,"date":"2015-10-25T20:04:12","date_gmt":"2015-10-25T18:04:12","guid":{"rendered":"https:\/\/www.sylvaindavid.com\/?page_id=210"},"modified":"2024-05-27T15:07:01","modified_gmt":"2024-05-27T14:07:01","slug":"augmentation-mammaire-graisse","status":"publish","type":"page","link":"https:\/\/www.sylvaindavid.com\/en\/chirurgie-seins\/augmentation-mammaire-graisse\/","title":{"rendered":"Breast augmentation by fat transfer"},"content":{"rendered":"<div      class=\"vc_row wpb_row section vc_row-fluid\" style=' text-align:left;'><div class=\"full_section_inner clearfix\"><div class=\"wpb_column vc_column_container vc_col-sm-8\"><div class=\"vc_column-inner vc_custom_1519922445212\"><div class=\"wpb_wrapper\"><div class=\"separator  normal\" style=\"margin-bottom: 10px;opacity: 0;height: 15px;\"><\/div>\n\n\t<div class=\"wpb_text_column wpb_content_element\">\n\t\t<div class=\"wpb_wrapper\">\n\t\t\t<h1>Breast augmentation by fat transfer<\/h1>\n\n\t\t<\/div> \n\t<\/div> \n\t<div class=\"wpb_text_column wpb_content_element\">\n\t\t<div class=\"wpb_wrapper\">\n\t\t\t<p>Mammary hypoplasia may be present from puberty onwards, or as a result of weight loss, pregnancy or breast-feeding.<br \/>\nThis hypoplasia can be treated by implanting breast prostheses, or now by a fat transfer technique designed to enhance or restore breast volume. This technique originated in breast reconstructive surgery, but has become more widespread since it was approved for cosmetic surgery in November 2011.<br \/>\nHowever, this technique has a number of specific features that make it unsuitable for all types of patient. The patient must have sufficient adipose capital to carry out the transfer to the breast under good conditions. This technique is very interesting for patients who want a moderate breast augmentation.<\/p>\n<p>&nbsp;<\/p>\n<h2>What are the advantages of fat transfer breast augmentation?<\/h2>\n<p>The advantage of this technique is that breast enlargement is natural, with no foreign bodies, and the resulting shape does not give the appearance of an artificial breast. What's more, it also reduces fat mass in the liposuctioned areas. This fat reduction is really visible in cases of large-scale removal.<\/p>\n<p>The result of this breast augmentation technique is totally natural, both visually and to the touch.<\/p>\n<p>&nbsp;<\/p>\n<h3>Breast augmentation surgery<\/h3>\n<p>Prior to the procedure, the surgeon identifies the areas to be harvested (buttocks, thighs, saddlebags, etc.) and gently removes the fat to be reinjected. The sample is then centrifuged to obtain serosa-free fat cells. This liquid is then reinjected into different areas of the breast. Next, the harvested living cells are grafted. Approximately 10 to 30% of fat cells are lost during this transfer. This rate depends on the surgical technique used.<\/p>\n<div style=\"text-align: center;\">Evolution of fat transfer breast augmentation over time<\/div>\n<div style=\"text-align: center;\"><a href=\"https:\/\/www.sylvaindavid.com\/wp-content\/uploads\/2015\/10\/AM-graisse-evolution.jpg\"><img decoding=\"async\" class=\"aligncenter size-medium wp-image-214\" src=\"https:\/\/www.sylvaindavid.com\/wp-content\/uploads\/2015\/10\/AM-graisse-evolution-300x161.jpg\" alt=\"AM graisse evolution\" width=\"300\" height=\"161\" srcset=\"https:\/\/www.sylvaindavid.com\/wp-content\/uploads\/2015\/10\/AM-graisse-evolution-300x161.jpg 300w, https:\/\/www.sylvaindavid.com\/wp-content\/uploads\/2015\/10\/AM-graisse-evolution.jpg 350w\" sizes=\"(max-width: 300px) 100vw, 300px\" \/><\/a><\/div>\n<div style=\"text-align: center;\"><\/div>\n<h3>Necessary conditions:<\/h3>\n<p>The patient must be young and have no previous medical history<br \/>\nIt is intended for patients with excess abdominal, flank or hip fat.<br \/>\nThe patient must be fully informed of the advantages, disadvantages and contraindications of this surgical procedure.<br \/>\nShe will have to undergo a complete check-up, including in-depth imaging, consultations with her surgeon and anaesthetist, and heed recommendations to stop all anti-coagulant treatment, including aspirin.<\/p>\n<p>&nbsp;<\/p>\n<h3><span style=\"font-size: 1.17em;\">Anaesthesia :<\/span><\/h3>\n<p>Fat transfer breast augmentation surgery requires general anesthesia because of the large number of surgical sites involved.<\/p>\n<p>&nbsp;<\/p>\n<h3>Duration of intervention:<\/h3>\n<p>Breast augmentation surgery using fat transfer takes an average of three hours.<\/p>\n<p>&nbsp;<\/p>\n<h3>Operative sequences :<\/h3>\n<p>- One day in hospital.<br \/>\nThe post-operative period consists of moderate pain at the donor sites, swelling after 48 hours, and bruising at the donor sites. In the case of major liposuction, a period of fatigue lasting 5 to 7 days may be experienced.<br \/>\nNo UV or sun exposure is possible for four weeks, and the final result will only be visible after a minimum of three to six months.<br \/>\nA second lipomodelling session may be considered a few months later if the result is insufficient and if the donor areas permit.<\/p>\n<p>&nbsp;<\/p>\n<h3>Complications?<\/h3>\n<p>Imperfections such as hypo-result or breast asymmetry can occur, as can complications due to the anesthesia or the procedure itself. The surgical procedure may entail risks of infection or pneumothorax.<br \/>\nThese risks should not be overlooked; they are inherent in any operation, and the patient is well aware of them. Choosing an experienced surgeon considerably reduces these risks.<\/p>\n<p>&nbsp;<\/p>\n<h3>Is it possible to take charge?<\/h3>\n<p>If breast augmentation is performed for purely aesthetic reasons, it is not covered by social security, which is not the case for breast reconstruction (Poland syndrome, breast hypoplasia or aplasia, tuberous breasts, pectus excavatum or childhood traumas such as burns).<\/p>\n\n\t\t<\/div> \n\t<\/div> <\/div><\/div><\/div><div class=\"whitecolumn wpb_column vc_column_container vc_col-sm-4\"><div class=\"vc_column-inner\"><div class=\"wpb_wrapper\"><div class=\"separator  normal\" style=\"margin-bottom: 10px;opacity: 0;height: 15px;\"><\/div>\n\n\t<div class=\"wpb_single_image wpb_content_element vc_align_center\">\n\t\t<div class=\"wpb_wrapper\">\n\t\t\t\n\t\t\t<div class=\"vc_single_image-wrapper vc_box_shadow_3d  vc_box_border_grey\"><span class=\"vc_box_shadow_3d_wrap\"><img decoding=\"async\" width=\"2000\" height=\"1000\" src=\"https:\/\/www.sylvaindavid.com\/wp-content\/uploads\/2018\/05\/sylvaindavid-chirurgien-augmentation-mammaire-avant-apres-11-web.jpg\" class=\"vc_single_image-img attachment-full\" alt=\"augmentation mammaire \u00e0 Nice r\u00e9sultat op\u00e9ration\" srcset=\"https:\/\/www.sylvaindavid.com\/wp-content\/uploads\/2018\/05\/sylvaindavid-chirurgien-augmentation-mammaire-avant-apres-11-web.jpg 2000w, https:\/\/www.sylvaindavid.com\/wp-content\/uploads\/2018\/05\/sylvaindavid-chirurgien-augmentation-mammaire-avant-apres-11-web-300x150.jpg 300w, https:\/\/www.sylvaindavid.com\/wp-content\/uploads\/2018\/05\/sylvaindavid-chirurgien-augmentation-mammaire-avant-apres-11-web-768x384.jpg 768w, https:\/\/www.sylvaindavid.com\/wp-content\/uploads\/2018\/05\/sylvaindavid-chirurgien-augmentation-mammaire-avant-apres-11-web-1024x512.jpg 1024w, https:\/\/www.sylvaindavid.com\/wp-content\/uploads\/2018\/05\/sylvaindavid-chirurgien-augmentation-mammaire-avant-apres-11-web-1000x500.jpg 1000w, https:\/\/www.sylvaindavid.com\/wp-content\/uploads\/2018\/05\/sylvaindavid-chirurgien-augmentation-mammaire-avant-apres-11-web-700x350.jpg 700w\" sizes=\"(max-width: 2000px) 100vw, 2000px\" \/><\/span><\/div>\n\t\t<\/div>\n\t<\/div>\n\n\t<div class=\"wpb_text_column wpb_content_element\">\n\t\t<div class=\"wpb_wrapper\">\n\t\t\t<h3 style=\"text-align: center;\">Breast augmentation with fat<\/h3>\n<p style=\"text-align: center;\">Before\/After<\/p>\n\n\t\t<\/div> \n\t<\/div> <div class=\"separator  normal\" style=\"margin-bottom: 10px;opacity: 0;\"><\/div>\n\n\t<div class=\"wpb_single_image wpb_content_element vc_align_center\">\n\t\t<div class=\"wpb_wrapper\">\n\t\t\t\n\t\t\t<div class=\"vc_single_image-wrapper vc_box_shadow_3d  vc_box_border_grey\"><span class=\"vc_box_shadow_3d_wrap\"><img decoding=\"async\" width=\"2000\" height=\"1000\" src=\"https:\/\/www.sylvaindavid.com\/wp-content\/uploads\/2018\/05\/sylvaindavid-chirurgien-augmentation-mammaire-avant-apres-12-web.jpg\" class=\"vc_single_image-img attachment-full\" alt=\"augmentation mammaire chirurgie \u00e0 Nice photo\" srcset=\"https:\/\/www.sylvaindavid.com\/wp-content\/uploads\/2018\/05\/sylvaindavid-chirurgien-augmentation-mammaire-avant-apres-12-web.jpg 2000w, https:\/\/www.sylvaindavid.com\/wp-content\/uploads\/2018\/05\/sylvaindavid-chirurgien-augmentation-mammaire-avant-apres-12-web-300x150.jpg 300w, https:\/\/www.sylvaindavid.com\/wp-content\/uploads\/2018\/05\/sylvaindavid-chirurgien-augmentation-mammaire-avant-apres-12-web-768x384.jpg 768w, https:\/\/www.sylvaindavid.com\/wp-content\/uploads\/2018\/05\/sylvaindavid-chirurgien-augmentation-mammaire-avant-apres-12-web-1024x512.jpg 1024w, https:\/\/www.sylvaindavid.com\/wp-content\/uploads\/2018\/05\/sylvaindavid-chirurgien-augmentation-mammaire-avant-apres-12-web-1000x500.jpg 1000w, https:\/\/www.sylvaindavid.com\/wp-content\/uploads\/2018\/05\/sylvaindavid-chirurgien-augmentation-mammaire-avant-apres-12-web-700x350.jpg 700w\" sizes=\"(max-width: 2000px) 100vw, 2000px\" \/><\/span><\/div>\n\t\t<\/div>\n\t<\/div>\n\n\t<div class=\"wpb_text_column wpb_content_element\">\n\t\t<div class=\"wpb_wrapper\">\n\t\t\t<h3 style=\"text-align: center;\">Profile Natural Breast Augmentation<\/h3>\n<p style=\"text-align: center;\">Before\/After<\/p>\n\n\t\t<\/div> \n\t<\/div> <div class=\"separator  normal\" style=\"margin-bottom: 10px;opacity: 0;\"><\/div>\n\n\t<div class=\"wpb_single_image wpb_content_element vc_align_center\">\n\t\t<div class=\"wpb_wrapper\">\n\t\t\t\n\t\t\t<div class=\"vc_single_image-wrapper vc_box_shadow_3d  vc_box_border_grey\"><span class=\"vc_box_shadow_3d_wrap\"><img decoding=\"async\" width=\"2000\" height=\"1000\" src=\"https:\/\/www.sylvaindavid.com\/wp-content\/uploads\/2018\/05\/sylvaindavid-chirurgien-augmentation-mammaire-avant-apres-13-web.jpg\" class=\"vc_single_image-img attachment-full\" alt=\"augmentation mammaire chirurgie sur Nice\" srcset=\"https:\/\/www.sylvaindavid.com\/wp-content\/uploads\/2018\/05\/sylvaindavid-chirurgien-augmentation-mammaire-avant-apres-13-web.jpg 2000w, https:\/\/www.sylvaindavid.com\/wp-content\/uploads\/2018\/05\/sylvaindavid-chirurgien-augmentation-mammaire-avant-apres-13-web-300x150.jpg 300w, https:\/\/www.sylvaindavid.com\/wp-content\/uploads\/2018\/05\/sylvaindavid-chirurgien-augmentation-mammaire-avant-apres-13-web-768x384.jpg 768w, https:\/\/www.sylvaindavid.com\/wp-content\/uploads\/2018\/05\/sylvaindavid-chirurgien-augmentation-mammaire-avant-apres-13-web-1024x512.jpg 1024w, https:\/\/www.sylvaindavid.com\/wp-content\/uploads\/2018\/05\/sylvaindavid-chirurgien-augmentation-mammaire-avant-apres-13-web-1000x500.jpg 1000w, https:\/\/www.sylvaindavid.com\/wp-content\/uploads\/2018\/05\/sylvaindavid-chirurgien-augmentation-mammaire-avant-apres-13-web-700x350.jpg 700w\" sizes=\"(max-width: 2000px) 100vw, 2000px\" \/><\/span><\/div>\n\t\t<\/div>\n\t<\/div>\n\n\t<div class=\"wpb_text_column wpb_content_element\">\n\t\t<div class=\"wpb_wrapper\">\n\t\t\t<h3 style=\"text-align: center;\">Breast augmentation with fat<\/h3>\n<p style=\"text-align: center;\">Before\/After<\/p>\n\n\t\t<\/div> \n\t<\/div> <div class=\"separator  normal\" style=\"margin-bottom: 10px;opacity: 0;\"><\/div>\n\n\t<div class=\"wpb_single_image wpb_content_element vc_align_center\">\n\t\t<div class=\"wpb_wrapper\">\n\t\t\t\n\t\t\t<div class=\"vc_single_image-wrapper vc_box_shadow_3d  vc_box_border_grey\"><span class=\"vc_box_shadow_3d_wrap\"><img decoding=\"async\" width=\"2000\" height=\"1000\" src=\"https:\/\/www.sylvaindavid.com\/wp-content\/uploads\/2018\/05\/sylvaindavid-chirurgien-augmentation-mammaire-avant-apres-14-web.jpg\" class=\"vc_single_image-img attachment-full\" alt=\"augmentation mammaire operation femme \u00e0 Nice\" srcset=\"https:\/\/www.sylvaindavid.com\/wp-content\/uploads\/2018\/05\/sylvaindavid-chirurgien-augmentation-mammaire-avant-apres-14-web.jpg 2000w, https:\/\/www.sylvaindavid.com\/wp-content\/uploads\/2018\/05\/sylvaindavid-chirurgien-augmentation-mammaire-avant-apres-14-web-300x150.jpg 300w, https:\/\/www.sylvaindavid.com\/wp-content\/uploads\/2018\/05\/sylvaindavid-chirurgien-augmentation-mammaire-avant-apres-14-web-768x384.jpg 768w, https:\/\/www.sylvaindavid.com\/wp-content\/uploads\/2018\/05\/sylvaindavid-chirurgien-augmentation-mammaire-avant-apres-14-web-1024x512.jpg 1024w, https:\/\/www.sylvaindavid.com\/wp-content\/uploads\/2018\/05\/sylvaindavid-chirurgien-augmentation-mammaire-avant-apres-14-web-1000x500.jpg 1000w, https:\/\/www.sylvaindavid.com\/wp-content\/uploads\/2018\/05\/sylvaindavid-chirurgien-augmentation-mammaire-avant-apres-14-web-700x350.jpg 700w\" sizes=\"(max-width: 2000px) 100vw, 2000px\" \/><\/span><\/div>\n\t\t<\/div>\n\t<\/div>\n\n\t<div class=\"wpb_text_column wpb_content_element\">\n\t\t<div class=\"wpb_wrapper\">\n\t\t\t<h3 style=\"text-align: center;\">Breast augmentation with fat<\/h3>\n<p style=\"text-align: center;\">Before\/After<\/p>\n\n\t\t<\/div> \n\t<\/div> <div class=\"separator  normal\" style=\"margin-bottom: 10px;opacity: 0;\"><\/div>\n\n\t<div class=\"wpb_single_image wpb_content_element vc_align_center\">\n\t\t<div class=\"wpb_wrapper\">\n\t\t\t\n\t\t\t<div class=\"vc_single_image-wrapper vc_box_shadow_3d  vc_box_border_grey\"><span class=\"vc_box_shadow_3d_wrap\"><img decoding=\"async\" width=\"2000\" height=\"1000\" src=\"https:\/\/www.sylvaindavid.com\/wp-content\/uploads\/2018\/05\/sylvaindavid-chirurgien-augmentation-mammaire-avant-apres-15-web.jpg\" class=\"vc_single_image-img attachment-full\" alt=\"augmentation mammaire femme avant apr\u00e8s \u00e0 Nice\" srcset=\"https:\/\/www.sylvaindavid.com\/wp-content\/uploads\/2018\/05\/sylvaindavid-chirurgien-augmentation-mammaire-avant-apres-15-web.jpg 2000w, https:\/\/www.sylvaindavid.com\/wp-content\/uploads\/2018\/05\/sylvaindavid-chirurgien-augmentation-mammaire-avant-apres-15-web-300x150.jpg 300w, https:\/\/www.sylvaindavid.com\/wp-content\/uploads\/2018\/05\/sylvaindavid-chirurgien-augmentation-mammaire-avant-apres-15-web-768x384.jpg 768w, https:\/\/www.sylvaindavid.com\/wp-content\/uploads\/2018\/05\/sylvaindavid-chirurgien-augmentation-mammaire-avant-apres-15-web-1024x512.jpg 1024w, https:\/\/www.sylvaindavid.com\/wp-content\/uploads\/2018\/05\/sylvaindavid-chirurgien-augmentation-mammaire-avant-apres-15-web-1000x500.jpg 1000w, https:\/\/www.sylvaindavid.com\/wp-content\/uploads\/2018\/05\/sylvaindavid-chirurgien-augmentation-mammaire-avant-apres-15-web-700x350.jpg 700w\" sizes=\"(max-width: 2000px) 100vw, 2000px\" \/><\/span><\/div>\n\t\t<\/div>\n\t<\/div>\n\n\t<div class=\"wpb_text_column wpb_content_element\">\n\t\t<div class=\"wpb_wrapper\">\n\t\t\t<h3 style=\"text-align: center;\">Breast augmentation with fat<\/h3>\n<p style=\"text-align: center;\">Before\/After<\/p>\n\n\t\t<\/div> \n\t<\/div> <\/div><\/div><\/div><\/div><\/div>","protected":false},"excerpt":{"rendered":"Breast augmentation by fat transfer Breast hypoplasia can be present from puberty onwards or as a result of weight loss, pregnancy or breastfeeding. This hypoplasia can be treated by implanting...","protected":false},"author":1,"featured_media":0,"parent":200,"menu_order":0,"comment_status":"closed","ping_status":"closed","template":"","meta":{"footnotes":""},"class_list":["post-210","page","type-page","status-publish","hentry"],"_links":{"self":[{"href":"https:\/\/www.sylvaindavid.com\/en\/wp-json\/wp\/v2\/pages\/210","targetHints":{"allow":["GET"]}}],"collection":[{"href":"https:\/\/www.sylvaindavid.com\/en\/wp-json\/wp\/v2\/pages"}],"about":[{"href":"https:\/\/www.sylvaindavid.com\/en\/wp-json\/wp\/v2\/types\/page"}],"author":[{"embeddable":true,"href":"https:\/\/www.sylvaindavid.com\/en\/wp-json\/wp\/v2\/users\/1"}],"replies":[{"embeddable":true,"href":"https:\/\/www.sylvaindavid.com\/en\/wp-json\/wp\/v2\/comments?post=210"}],"version-history":[{"count":0,"href":"https:\/\/www.sylvaindavid.com\/en\/wp-json\/wp\/v2\/pages\/210\/revisions"}],"up":[{"embeddable":true,"href":"https:\/\/www.sylvaindavid.com\/en\/wp-json\/wp\/v2\/pages\/200"}],"wp:attachment":[{"href":"https:\/\/www.sylvaindavid.com\/en\/wp-json\/wp\/v2\/media?parent=210"}],"curies":[{"name":"wp","href":"https:\/\/api.w.org\/{rel}","templated":true}]}}