{"id":3005,"date":"2020-10-14T10:53:55","date_gmt":"2020-10-14T08:53:55","guid":{"rendered":"https:\/\/www.sylvaindavid.com\/?page_id=3005"},"modified":"2020-11-12T16:28:26","modified_gmt":"2020-11-12T14:28:26","slug":"abdominoplastie-avant-apres","status":"publish","type":"page","link":"https:\/\/www.sylvaindavid.com\/en\/photo-avant-apres\/abdominoplastie-avant-apres\/","title":{"rendered":"Abdominoplasty Before After"},"content":{"rendered":"<div      class=\"vc_row wpb_row section vc_row-fluid\" style=' text-align:left;'><div class=\"full_section_inner clearfix\"><div class=\"wpb_column vc_column_container vc_col-sm-12\"><div class=\"vc_column-inner\"><div class=\"wpb_wrapper\">\t<div class=\"vc_empty_space\"  style=\"height: 55px\" ><span\n\t\t\tclass=\"vc_empty_space_inner\">\n\t\t\t<span class=\"empty_space_image\"  ><\/span>\n\t\t<\/span><\/div>\n\n\n\t<div class=\"wpb_text_column wpb_content_element\">\n\t\t<div class=\"wpb_wrapper\">\n\t\t\t<h1 style=\"text-align: center;\">Abdominoplasty Before After<\/h1>\n<div class=\"SnapLinksContainer\" style=\"margin-left: 0px; margin-top: 0px; display: none;\">\n<div class=\"SL_SelectionRect\">\n<div class=\"SL_SelectionLabel\"><\/div>\n<\/div>\n<p><!-- Used for easily cloning the properly namespaced rect --><\/p>\n<\/div>\n\n\t\t<\/div> \n\t<\/div> \t<div class=\"vc_empty_space\"  style=\"height: 35px\" ><span\n\t\t\tclass=\"vc_empty_space_inner\">\n\t\t\t<span class=\"empty_space_image\"  ><\/span>\n\t\t<\/span><\/div>\n\n<\/div><\/div><\/div><\/div><\/div><div      class=\"vc_row wpb_row section vc_row-fluid\" style=' text-align:left;'><div class=\"full_section_inner clearfix\"><div class=\"wpb_column vc_column_container vc_col-sm-12\"><div class=\"vc_column-inner\"><div class=\"wpb_wrapper\"><div class='projects_holder_outer v3 portfolio_with_space portfolio_standard'><div class='projects_holder portfolio_main_holder clearfix v3 standard portfolio_full_image'>\n<article class='mix portfolio_category_39 portfolio_category_5' style=''><div class='image_holder'><a itemprop='url' class='portfolio_link_for_touch' href='https:\/\/www.sylvaindavid.com\/en\/portfolio_page\/abdominoplastie-34-2\/' target='_self'><span class='image'><img decoding=\"async\" width=\"2000\" height=\"1000\" src=\"https:\/\/www.sylvaindavid.com\/wp-content\/uploads\/2015\/12\/sylvaindavid-chirurgien-abdominoplastie-avant-apres-01-web-1.jpg\" class=\"attachment-full size-full wp-post-image\" alt=\"chirurgien abdominoplastie \u00e0 Nice\" srcset=\"https:\/\/www.sylvaindavid.com\/wp-content\/uploads\/2015\/12\/sylvaindavid-chirurgien-abdominoplastie-avant-apres-01-web-1.jpg 2000w, https:\/\/www.sylvaindavid.com\/wp-content\/uploads\/2015\/12\/sylvaindavid-chirurgien-abdominoplastie-avant-apres-01-web-1-300x150.jpg 300w, https:\/\/www.sylvaindavid.com\/wp-content\/uploads\/2015\/12\/sylvaindavid-chirurgien-abdominoplastie-avant-apres-01-web-1-768x384.jpg 768w, https:\/\/www.sylvaindavid.com\/wp-content\/uploads\/2015\/12\/sylvaindavid-chirurgien-abdominoplastie-avant-apres-01-web-1-1024x512.jpg 1024w, https:\/\/www.sylvaindavid.com\/wp-content\/uploads\/2015\/12\/sylvaindavid-chirurgien-abdominoplastie-avant-apres-01-web-1-1000x500.jpg 1000w, https:\/\/www.sylvaindavid.com\/wp-content\/uploads\/2015\/12\/sylvaindavid-chirurgien-abdominoplastie-avant-apres-01-web-1-700x350.jpg 700w\" sizes=\"(max-width: 2000px) 100vw, 2000px\" \/><\/span><\/a><span class='text_holder'><span class='text_outer'><span class='text_inner'><span class='feature_holder'><span class=\"feature_holder_icons\"><a itemprop='image' class='lightbox qbutton small white' title='ABDOMINOPLASTY 3\/4' href='https:\/\/www.sylvaindavid.com\/wp-content\/uploads\/2015\/12\/sylvaindavid-chirurgien-abdominoplastie-avant-apres-01-web-1.jpg' data-rel='prettyPhoto[pretty_photo_gallery]'>zoom<\/a><\/span><\/span><\/span><\/span><\/span><\/div><\/article>\n<article class='mix portfolio_category_39 portfolio_category_5' style=''><div class='image_holder'><a itemprop='url' class='portfolio_link_for_touch' href='https:\/\/www.sylvaindavid.com\/en\/portfolio_page\/abdominoplastie\/' target='_self'><span class='image'><img decoding=\"async\" width=\"2000\" height=\"1000\" src=\"https:\/\/www.sylvaindavid.com\/wp-content\/uploads\/2015\/12\/sylvaindavid-chirurgien-abdominoplastie-avant-apres-04-web.jpg\" class=\"attachment-full size-full wp-post-image\" alt=\"Abdominoplastie Avant Apr\u00e8s\" srcset=\"https:\/\/www.sylvaindavid.com\/wp-content\/uploads\/2015\/12\/sylvaindavid-chirurgien-abdominoplastie-avant-apres-04-web.jpg 2000w, https:\/\/www.sylvaindavid.com\/wp-content\/uploads\/2015\/12\/sylvaindavid-chirurgien-abdominoplastie-avant-apres-04-web-300x150.jpg 300w, https:\/\/www.sylvaindavid.com\/wp-content\/uploads\/2015\/12\/sylvaindavid-chirurgien-abdominoplastie-avant-apres-04-web-768x384.jpg 768w, https:\/\/www.sylvaindavid.com\/wp-content\/uploads\/2015\/12\/sylvaindavid-chirurgien-abdominoplastie-avant-apres-04-web-1024x512.jpg 1024w, https:\/\/www.sylvaindavid.com\/wp-content\/uploads\/2015\/12\/sylvaindavid-chirurgien-abdominoplastie-avant-apres-04-web-1000x500.jpg 1000w, https:\/\/www.sylvaindavid.com\/wp-content\/uploads\/2015\/12\/sylvaindavid-chirurgien-abdominoplastie-avant-apres-04-web-700x350.jpg 700w\" sizes=\"(max-width: 2000px) 100vw, 2000px\" \/><\/span><\/a><span class='text_holder'><span class='text_outer'><span class='text_inner'><span class='feature_holder'><span class=\"feature_holder_icons\"><a itemprop='image' class='lightbox qbutton small white' title='Abdominoplasty' href='https:\/\/www.sylvaindavid.com\/wp-content\/uploads\/2015\/12\/sylvaindavid-chirurgien-abdominoplastie-avant-apres-04-web.jpg' data-rel='prettyPhoto[pretty_photo_gallery]'>zoom<\/a><\/span><\/span><\/span><\/span><\/span><\/div><\/article>\n<article class='mix portfolio_category_39 portfolio_category_5' style=''><div class='image_holder'><a itemprop='url' class='portfolio_link_for_touch' href='https:\/\/www.sylvaindavid.com\/en\/portfolio_page\/abdominoplastie-profil\/' target='_self'><span class='image'><img decoding=\"async\" width=\"2000\" height=\"1000\" src=\"https:\/\/www.sylvaindavid.com\/wp-content\/uploads\/2015\/12\/sylvaindavid-chirurgien-abdominoplastie-avant-apres-02-web.jpg\" class=\"attachment-full size-full wp-post-image\" alt=\"abdominoplastie \u00e0 Nice\" srcset=\"https:\/\/www.sylvaindavid.com\/wp-content\/uploads\/2015\/12\/sylvaindavid-chirurgien-abdominoplastie-avant-apres-02-web.jpg 2000w, https:\/\/www.sylvaindavid.com\/wp-content\/uploads\/2015\/12\/sylvaindavid-chirurgien-abdominoplastie-avant-apres-02-web-300x150.jpg 300w, https:\/\/www.sylvaindavid.com\/wp-content\/uploads\/2015\/12\/sylvaindavid-chirurgien-abdominoplastie-avant-apres-02-web-768x384.jpg 768w, https:\/\/www.sylvaindavid.com\/wp-content\/uploads\/2015\/12\/sylvaindavid-chirurgien-abdominoplastie-avant-apres-02-web-1024x512.jpg 1024w, https:\/\/www.sylvaindavid.com\/wp-content\/uploads\/2015\/12\/sylvaindavid-chirurgien-abdominoplastie-avant-apres-02-web-1000x500.jpg 1000w, https:\/\/www.sylvaindavid.com\/wp-content\/uploads\/2015\/12\/sylvaindavid-chirurgien-abdominoplastie-avant-apres-02-web-700x350.jpg 700w\" sizes=\"(max-width: 2000px) 100vw, 2000px\" \/><\/span><\/a><span class='text_holder'><span class='text_outer'><span class='text_inner'><span class='feature_holder'><span class=\"feature_holder_icons\"><a itemprop='image' class='lightbox qbutton small white' title='Abdominoplasty profile' href='https:\/\/www.sylvaindavid.com\/wp-content\/uploads\/2015\/12\/sylvaindavid-chirurgien-abdominoplastie-avant-apres-02-web.jpg' data-rel='prettyPhoto[pretty_photo_gallery]'>zoom<\/a><\/span><\/span><\/span><\/span><\/span><\/div><\/article>\n<article class='mix portfolio_category_39 portfolio_category_5' style=''><div class='image_holder'><a itemprop='url' class='portfolio_link_for_touch' href='https:\/\/www.sylvaindavid.com\/en\/portfolio_page\/abdominoplastie-2\/' target='_self'><span class='image'><img decoding=\"async\" width=\"2000\" height=\"1000\" src=\"https:\/\/www.sylvaindavid.com\/wp-content\/uploads\/2015\/12\/sylvaindavid-chirurgien-abdominoplastie-avant-apres-03-web.jpg\" class=\"attachment-full size-full wp-post-image\" alt=\"operation abdominoplastie \u00e0 Nice\" srcset=\"https:\/\/www.sylvaindavid.com\/wp-content\/uploads\/2015\/12\/sylvaindavid-chirurgien-abdominoplastie-avant-apres-03-web.jpg 2000w, https:\/\/www.sylvaindavid.com\/wp-content\/uploads\/2015\/12\/sylvaindavid-chirurgien-abdominoplastie-avant-apres-03-web-300x150.jpg 300w, https:\/\/www.sylvaindavid.com\/wp-content\/uploads\/2015\/12\/sylvaindavid-chirurgien-abdominoplastie-avant-apres-03-web-768x384.jpg 768w, https:\/\/www.sylvaindavid.com\/wp-content\/uploads\/2015\/12\/sylvaindavid-chirurgien-abdominoplastie-avant-apres-03-web-1024x512.jpg 1024w, https:\/\/www.sylvaindavid.com\/wp-content\/uploads\/2015\/12\/sylvaindavid-chirurgien-abdominoplastie-avant-apres-03-web-1000x500.jpg 1000w, https:\/\/www.sylvaindavid.com\/wp-content\/uploads\/2015\/12\/sylvaindavid-chirurgien-abdominoplastie-avant-apres-03-web-700x350.jpg 700w\" sizes=\"(max-width: 2000px) 100vw, 2000px\" \/><\/span><\/a><span class='text_holder'><span class='text_outer'><span class='text_inner'><span class='feature_holder'><span class=\"feature_holder_icons\"><a itemprop='image' class='lightbox qbutton small white' title='Abdominoplasty face' href='https:\/\/www.sylvaindavid.com\/wp-content\/uploads\/2015\/12\/sylvaindavid-chirurgien-abdominoplastie-avant-apres-03-web.jpg' data-rel='prettyPhoto[pretty_photo_gallery]'>zoom<\/a><\/span><\/span><\/span><\/span><\/span><\/div><\/article>\n<div class='filler'><\/div>\n<div class='filler'><\/div>\n<div class='filler'><\/div>\n<\/div><\/div><\/div><\/div><\/div><\/div><\/div><div      class=\"vc_row wpb_row section vc_row-fluid\" style=' text-align:left;'><div class=\"full_section_inner clearfix\"><div class=\"wpb_column vc_column_container vc_col-sm-12\"><div class=\"vc_column-inner\"><div class=\"wpb_wrapper\">\n\t<div class=\"wpb_text_column wpb_content_element\">\n\t\t<div class=\"wpb_wrapper\">\n\t\t\t<p>Abdominoplasty is a surgical procedure performed in Nice to correct sagging muscles and excess skin on the abdomen, which have been damaged by one or more pregnancies and\/or significant weight loss and fluctuation.<\/p>\n<p>Contrary to popular belief, abdominoplasty is not a surgery for people suffering from obesity, but rather for people whose weight is stable.<\/p>\n<p>Abdominoplasty offers a before-and-after result on the abdomen, leaving it flat, firm and smoother.<\/p>\n<p>There is more than one way to perform an abdominoplasty.<\/p>\n<p>An in-office medical examination and morphological analysis will help define excess fat and skin, the presence of stretch marks or scars, and the muscle tone of the abdominal wall, in order to pinpoint the diagnosis that will accurately determine the type of procedure.<\/p>\n<ul>\n<li><strong>Classical abdominoplasty<\/strong> First, an incision is made around the navel and lower abdomen to lift the skin. The second step consists in tightening the abdominal muscles with plicatures (permanent sutures) to give more tone. All that remains is to pull the skin downwards and excise the excess. Incisions are made around the navel and in the lower abdomen.<\/li>\n<li><strong>Mini-abdominoplasty<\/strong> is a lighter version that removes excess skin and fat, and reconstitutes the muscular plane, without removing the navel. The incision, located at pubic level, is shorter than for conventional abdominoplasty.<\/li>\n<li><strong>Endoscopic abdominoplasty<\/strong> is designed for patients with sagging abdominal wall without excess skin. The procedure is often combined with ultrasound liposuction of the abdomen.<\/li>\n<\/ul>\n<h2>Procedure for abdominoplasty<\/h2>\n<p>The procedure is performed under general anesthesia and lasts an average of 2h30. For the return home after surgery, a companion must be present.<\/p>\n<p>This person should also be able to help and monitor you for the first 24 hours after surgery. It is also advisable to have help at home for the first week with everyday tasks.<\/p>\n<p>To be well prepared before the consultation for an abdominoplasty in Nice, it's important to bring all relevant information on your state of health (medication list, medical consultation reports, previous surgeries, mammography reports, breast biopsies, etc.). All patients must have a stable weight and a body mass index around or below 30 to achieve optimal results.<\/p>\n<p>It's essential that abdominoplasty be performed with overall body harmony in mind. Modifications and corrections must remain discreet. A look that doesn't appear to have been altered too much is what you want to achieve in terms of tummy tuck surgery results.<\/p>\n\n\t\t<\/div> \n\t<\/div> \n\t<div class=\"wpb_raw_code wpb_content_element wpb_raw_html\">\n\t\t<div class=\"wpb_wrapper\">\n\t\t\t<script type=\"application\/ld+json\">\n{\n  \"@context\": \"https:\/\/schema.org\",\n  \"@type\": \"FAQPage\",\n  \"mainEntity\": [{\n    \"@type\": \"Question\",\n    \"name\": \"Les diff\u00e9rentes techniques d'abdominoplastie\",\n    \"acceptedAnswer\": {\n      \"@type\": \"Answer\",\n      \"text\": \"L\u2019examen m\u00e9dical au cabinet et l\u2019analyse morphologique permettra de d\u00e9finir au mieux l\u2019exc\u00e9dent de gras et de peau, la pr\u00e9sence de vergetures ou de cicatrices et le tonus musculaire de la paroi abdominale afin de pr\u00e9ciser le diagnostic qui d\u00e9terminera avec exactitude le type d\u2019intervention.\n-\tL\u2019abdominoplastie classique consiste dans un premier temps \u00e0 pratiquer une incision autour du nombril et au niveau de la partie inf\u00e9rieure de l\u2019abdomen afin de d\u00e9coller la peau. La deuxi\u00e8me \u00e9tape consiste \u00e0 resserrer les muscles abdominaux \u00e0 l\u2019aide de plicatures (sutures permanentes) pour donner plus de tonicit\u00e9. Ne reste plus qu\u2019\u00e0 tendre (tirer) la peau vers le bas et exciser le surplus. Les incisions se situent autour du nombril et dans la partie inf\u00e9rieure de l\u2019abdomen.\n-\tLa mini-abdominoplastie est une version all\u00e9g\u00e9e qui permet d\u2019enlever le surplus de peau, de gras, et la reconstitution du plan musculaire, sans faire de d\u00e9sinsertion du nombril. L\u2019incision, situ\u00e9e au niveau du pubis est plus courte que l\u2019abdominoplastie classique.\n-\tL\u2019abdominoplastie par endoscopie s\u2019adresse aux patientes qui pr\u00e9sentent un rel\u00e2chement de la paroi abdominale sans exc\u00e8s de peau. L\u2019intervention est souvent combin\u00e9e \u00e0 une liposuccion \u00e0 l\u2019ultrason de l\u2019abdomen.\"\n    }\n  },{\n    \"@type\": \"Question\",\n    \"name\": \"D\u00e9roulement de l\u2019intervention d\u2019abdominoplastie\",\n    \"acceptedAnswer\": {\n      \"@type\": \"Answer\",\n      \"text\": \"L\u2019intervention est r\u00e9alis\u00e9e sous anesth\u00e9sie g\u00e9n\u00e9rale et dure en moyenne 2h30. Pour le retour \u00e0 domicile apr\u00e8s la chirurgie, un accompagnant doit \u00eatre pr\u00e9sent.\nCelui-ci doit aussi pouvoir vous aider et vous surveiller les premi\u00e8res 24 heures suivant la chirurgie. Il est aussi conseill\u00e9 d\u2019avoir de l\u2019aide \u00e0 domicile la premi\u00e8re semaine pour les t\u00e2ches de la vie quotidienne.\nPour bien se pr\u00e9parer avant la consultation d\u2019une abdominoplastie \u00e0 Nice il est important d\u2019apporter toutes les informations pertinentes sur votre \u00e9tat de sant\u00e9 (liste de m\u00e9dicaments, rapports de consultations m\u00e9dicales, anciennes chirurgies, rapports de mammographie, biopsies mammaires, etc.). Tous les patients doivent avoir un poids stable et un indice de masse corporel autour ou inf\u00e9rieur \u00e0 30 afin d\u2019obtenir des r\u00e9sultats optimaux.\nIl est essentiel que la chirurgie de la plastie abdominale (abdominoplastie) soit faite avec, en t\u00eate, l\u2019harmonie globale du corps. Les modifications et les corrections doivent demeurer discr\u00e8tes. Une apparence qui n\u2019a pas l\u2019air d\u2019avoir \u00e9t\u00e9 trop modifi\u00e9e est ce qu\u2019il faut atteindre au niveau du r\u00e9sultat de la chirurgie esth\u00e9tique plastique du ventre.\"\n    }\n  }]\n}\n<\/script>\n\t\t<\/div>\n\t<\/div>\n<\/div><\/div><\/div><\/div><\/div>","protected":false},"excerpt":{"rendered":"","protected":false},"author":1,"featured_media":797,"parent":327,"menu_order":0,"comment_status":"closed","ping_status":"closed","template":"","meta":{"footnotes":""},"class_list":["post-3005","page","type-page","status-publish","has-post-thumbnail","hentry"],"_links":{"self":[{"href":"https:\/\/www.sylvaindavid.com\/en\/wp-json\/wp\/v2\/pages\/3005","targetHints":{"allow":["GET"]}}],"collection":[{"href":"https:\/\/www.sylvaindavid.com\/en\/wp-json\/wp\/v2\/pages"}],"about":[{"href":"https:\/\/www.sylvaindavid.com\/en\/wp-json\/wp\/v2\/types\/page"}],"author":[{"embeddable":true,"href":"https:\/\/www.sylvaindavid.com\/en\/wp-json\/wp\/v2\/users\/1"}],"replies":[{"embeddable":true,"href":"https:\/\/www.sylvaindavid.com\/en\/wp-json\/wp\/v2\/comments?post=3005"}],"version-history":[{"count":0,"href":"https:\/\/www.sylvaindavid.com\/en\/wp-json\/wp\/v2\/pages\/3005\/revisions"}],"up":[{"embeddable":true,"href":"https:\/\/www.sylvaindavid.com\/en\/wp-json\/wp\/v2\/pages\/327"}],"wp:featuredmedia":[{"embeddable":true,"href":"https:\/\/www.sylvaindavid.com\/en\/wp-json\/wp\/v2\/media\/797"}],"wp:attachment":[{"href":"https:\/\/www.sylvaindavid.com\/en\/wp-json\/wp\/v2\/media?parent=3005"}],"curies":[{"name":"wp","href":"https:\/\/api.w.org\/{rel}","templated":true}]}}