{"id":3006,"date":"2020-10-14T10:56:33","date_gmt":"2020-10-14T08:56:33","guid":{"rendered":"https:\/\/www.sylvaindavid.com\/?page_id=3006"},"modified":"2020-11-12T16:21:49","modified_gmt":"2020-11-12T14:21:49","slug":"botox-avant-apres","status":"publish","type":"page","link":"https:\/\/www.sylvaindavid.com\/en\/photo-avant-apres\/botox-avant-apres\/","title":{"rendered":"Botox Before After"},"content":{"rendered":"<div      class=\"vc_row wpb_row section vc_row-fluid\" style=' text-align:left;'><div class=\"full_section_inner clearfix\"><div class=\"wpb_column vc_column_container vc_col-sm-12\"><div class=\"vc_column-inner\"><div class=\"wpb_wrapper\">\t<div class=\"vc_empty_space\"  style=\"height: 55px\" ><span\n\t\t\tclass=\"vc_empty_space_inner\">\n\t\t\t<span class=\"empty_space_image\"  ><\/span>\n\t\t<\/span><\/div>\n\n\n\t<div class=\"wpb_text_column wpb_content_element\">\n\t\t<div class=\"wpb_wrapper\">\n\t\t\t<h1 style=\"text-align: center;\">Botox Before After<\/h1>\n<p><!-- Used for easily cloning the properly namespaced rect --><\/p>\n\n\t\t<\/div> \n\t<\/div> \t<div class=\"vc_empty_space\"  style=\"height: 35px\" ><span\n\t\t\tclass=\"vc_empty_space_inner\">\n\t\t\t<span class=\"empty_space_image\"  ><\/span>\n\t\t<\/span><\/div>\n\n<\/div><\/div><\/div><\/div><\/div><div      class=\"vc_row wpb_row section vc_row-fluid\" style=' text-align:left;'><div class=\"full_section_inner clearfix\"><div class=\"wpb_column vc_column_container vc_col-sm-12\"><div class=\"vc_column-inner\"><div class=\"wpb_wrapper\"><div class='projects_holder_outer v3 portfolio_with_space portfolio_standard'><div class='projects_holder portfolio_main_holder clearfix v3 standard portfolio_full_image'>\n<article class='mix portfolio_category_30 portfolio_category_6' style=''><div class='image_holder'><a itemprop='url' class='portfolio_link_for_touch' href='https:\/\/www.sylvaindavid.com\/en\/portfolio_page\/injection-de-toxine-botulique-botox-2\/' target='_self'><span class='image'><img decoding=\"async\" width=\"2000\" height=\"1000\" src=\"https:\/\/www.sylvaindavid.com\/wp-content\/uploads\/2018\/05\/sylvaindavid-chirurgien-medecine-esthetique-sourcil-tempe-avant-apres-01-web.jpg\" class=\"attachment-full size-full wp-post-image\" alt=\"medecine esthetique sourcil tempe \u00e0 Nice\" srcset=\"https:\/\/www.sylvaindavid.com\/wp-content\/uploads\/2018\/05\/sylvaindavid-chirurgien-medecine-esthetique-sourcil-tempe-avant-apres-01-web.jpg 2000w, https:\/\/www.sylvaindavid.com\/wp-content\/uploads\/2018\/05\/sylvaindavid-chirurgien-medecine-esthetique-sourcil-tempe-avant-apres-01-web-300x150.jpg 300w, https:\/\/www.sylvaindavid.com\/wp-content\/uploads\/2018\/05\/sylvaindavid-chirurgien-medecine-esthetique-sourcil-tempe-avant-apres-01-web-768x384.jpg 768w, https:\/\/www.sylvaindavid.com\/wp-content\/uploads\/2018\/05\/sylvaindavid-chirurgien-medecine-esthetique-sourcil-tempe-avant-apres-01-web-1024x512.jpg 1024w, https:\/\/www.sylvaindavid.com\/wp-content\/uploads\/2018\/05\/sylvaindavid-chirurgien-medecine-esthetique-sourcil-tempe-avant-apres-01-web-1000x500.jpg 1000w, https:\/\/www.sylvaindavid.com\/wp-content\/uploads\/2018\/05\/sylvaindavid-chirurgien-medecine-esthetique-sourcil-tempe-avant-apres-01-web-700x350.jpg 700w\" sizes=\"(max-width: 2000px) 100vw, 2000px\" \/><\/span><\/a><span class='text_holder'><span class='text_outer'><span class='text_inner'><span class='feature_holder'><span class=\"feature_holder_icons\"><a itemprop='image' class='lightbox qbutton small white' title='botulinum toxin injection botox' href='https:\/\/www.sylvaindavid.com\/wp-content\/uploads\/2018\/05\/sylvaindavid-chirurgien-medecine-esthetique-sourcil-tempe-avant-apres-01-web.jpg' data-rel='prettyPhoto[pretty_photo_gallery]'>zoom<\/a><\/span><\/span><\/span><\/span><\/span><\/div><\/article>\n<article class='mix portfolio_category_30 portfolio_category_6' style=''><div class='image_holder'><a itemprop='url' class='portfolio_link_for_touch' href='https:\/\/www.sylvaindavid.com\/en\/portfolio_page\/injection-de-toxine-botulique-botox\/' target='_self'><span class='image'><img decoding=\"async\" width=\"2000\" height=\"1000\" src=\"https:\/\/www.sylvaindavid.com\/wp-content\/uploads\/2018\/05\/sylvaindavid-chirurgien-medecine-esthetique-avant-apres-01-web.jpg\" class=\"attachment-full size-full wp-post-image\" alt=\"sylvain david chirurgien esthetique \u00e0 Nice\" srcset=\"https:\/\/www.sylvaindavid.com\/wp-content\/uploads\/2018\/05\/sylvaindavid-chirurgien-medecine-esthetique-avant-apres-01-web.jpg 2000w, https:\/\/www.sylvaindavid.com\/wp-content\/uploads\/2018\/05\/sylvaindavid-chirurgien-medecine-esthetique-avant-apres-01-web-300x150.jpg 300w, https:\/\/www.sylvaindavid.com\/wp-content\/uploads\/2018\/05\/sylvaindavid-chirurgien-medecine-esthetique-avant-apres-01-web-768x384.jpg 768w, https:\/\/www.sylvaindavid.com\/wp-content\/uploads\/2018\/05\/sylvaindavid-chirurgien-medecine-esthetique-avant-apres-01-web-1024x512.jpg 1024w, https:\/\/www.sylvaindavid.com\/wp-content\/uploads\/2018\/05\/sylvaindavid-chirurgien-medecine-esthetique-avant-apres-01-web-1000x500.jpg 1000w, https:\/\/www.sylvaindavid.com\/wp-content\/uploads\/2018\/05\/sylvaindavid-chirurgien-medecine-esthetique-avant-apres-01-web-700x350.jpg 700w\" sizes=\"(max-width: 2000px) 100vw, 2000px\" \/><\/span><\/a><span class='text_holder'><span class='text_outer'><span class='text_inner'><span class='feature_holder'><span class=\"feature_holder_icons\"><a itemprop='image' class='lightbox qbutton small white' title='botulinum toxin injection botox' href='https:\/\/www.sylvaindavid.com\/wp-content\/uploads\/2018\/05\/sylvaindavid-chirurgien-medecine-esthetique-avant-apres-01-web.jpg' data-rel='prettyPhoto[pretty_photo_gallery]'>zoom<\/a><\/span><\/span><\/span><\/span><\/span><\/div><\/article>\n<div class='filler'><\/div>\n<div class='filler'><\/div>\n<div class='filler'><\/div>\n<\/div><\/div><\/div><\/div><\/div><\/div><\/div><div      class=\"vc_row wpb_row section vc_row-fluid\" style=' text-align:left;'><div class=\"full_section_inner clearfix\"><div class=\"wpb_column vc_column_container vc_col-sm-12\"><div class=\"vc_column-inner\"><div class=\"wpb_wrapper\">\n\t<div class=\"wpb_text_column wpb_content_element\">\n\t\t<div class=\"wpb_wrapper\">\n\t\t\t<p>Botox is one of the most popular treatments administered to over 7 million people in more than 70 countries. We typically use botulinum toxin (Botox) to reduce the appearance of facial wrinkles on the forehead, between the eyebrows and around the eyes.<\/p>\n<p>Botox is an injectable drug that blocks neuromuscular activity, which essentially means it stops the transmission of chemical signals that tell muscles to move. When you apply Botox to those tiny facial muscles that cause wrinkles on your face, it allows the skin to flatten and look smoother and therefore younger.<\/p>\n<h2>Does Botox injection hurt?<\/h2>\n<p>Patients say the treatment is no worse than a bug bite. Although we don't usually administer anesthesia for Botox treatment, an anesthetic cream can be applied to the area in some cases.<\/p>\n<h2>How long do the results last?<\/h2>\n<p>The improvements you can achieve with Botox will take effect around 3 to 5 days after the procedure and last from 3 to 6 months.<\/p>\n<h2>Can Botox be combined with other procedures?<\/h2>\n<p>It's not uncommon to use Botox in combination with a dermal filler.<\/p>\n<h2>Side effects of Botox injections?<\/h2>\n<p>Complications of Botox have most often been associated with injection errors by unqualified practitioners. Possible side effects include headaches, nausea, flu-like symptoms, redness or pain at the injection site, and transient drooping of the eyelids.<\/p>\n<h2>Some recommendations after a Botox injection<\/h2>\n<ul>\n<li><strong>Botox and everyday gestures<\/strong>: Patients should avoid lying down for a few hours after Botox injections.<\/li>\n<li><strong>Botox and medications<\/strong>Do not take aspirin or anti-inflammatory drugs in the days preceding the botulinum toxin injection.<\/li>\n<li><strong>Botox and sport<\/strong>Do not exercise in the hours following your Botox injection.<\/li>\n<li><strong>Botox and heat<\/strong>: Botox injections can be performed during the summer months.<\/li>\n<li><strong>Botox and travel<\/strong>: You can, of course, travel after a Botox injection.<\/li>\n<li><strong>Botox and work<\/strong>No social or professional eviction is required, and you can resume your daily activities.<\/li>\n<\/ul>\n<p>On average, the results of a Botox injection can be seen after 7 to 10 days. If a touch-up is necessary, it should be performed about 15 days after your injection.<\/p>\n<p>The face is rejuvenated, features are relaxed and patients appear less sad, less severe and less tired, depending on the wrinkles treated.<\/p>\n\n\t\t<\/div> \n\t<\/div> \n\t<div class=\"wpb_raw_code wpb_content_element wpb_raw_html\">\n\t\t<div class=\"wpb_wrapper\">\n\t\t\t<script type=\"application\/ld+json\">\n{\n  \"@context\": \"https:\/\/schema.org\",\n  \"@type\": \"FAQPage\",\n  \"mainEntity\": [{\n    \"@type\": \"Question\",\n    \"name\": \"L\u2019injection de Botox fait-elle mal ?\",\n    \"acceptedAnswer\": {\n      \"@type\": \"Answer\",\n      \"text\": \"Les patients disent que le traitement n'est pas pire qu'une piq\u00fbre d'insecte. Bien que nous n'administrions g\u00e9n\u00e9ralement pas d'anesth\u00e9sie pour le traitement au Botox, une cr\u00e8me anesth\u00e9siante peut \u00eatre appliqu\u00e9e sur la zone dans certains cas.\"\n    }\n  },{\n    \"@type\": \"Question\",\n    \"name\": \"Combien de temps durent les r\u00e9sultats ?\",\n    \"acceptedAnswer\": {\n      \"@type\": \"Answer\",\n      \"text\": \"Les am\u00e9liorations que vous pouvez obtenir avec le Botox prendront effet environ 3 \u00e0 5 jours apr\u00e8s l\u2019acte et dureront de 3 \u00e0 6 mois.\"\n    }\n  },{\n    \"@type\": \"Question\",\n    \"name\": \"Pouvons-nous combiner le Botox avec d'autres proc\u00e9dures ?\",\n    \"acceptedAnswer\": {\n      \"@type\": \"Answer\",\n      \"text\": \"Il n'est pas rare d'utiliser le Botox en combinaison avec un produit de comblement.\"\n    }\n  },{\n    \"@type\": \"Question\",\n    \"name\": \"Des Effets secondaires \u00e0 l\u2019injection de Botox ?\",\n    \"acceptedAnswer\": {\n      \"@type\": \"Answer\",\n      \"text\": \"Les complications du Botox ont le plus souvent \u00e9t\u00e9 associ\u00e9es \u00e0 des erreurs d\u2019injections par des praticiens non qualifi\u00e9s. Les effets secondaires possibles comprennent des maux de t\u00eate, des naus\u00e9es, des sympt\u00f4mes pseudo grippaux, des rougeurs ou des douleurs au site d'injection et des paupi\u00e8res tombantes d\u2019une mani\u00e8re transitoire.\"\n    }\n  }]\n}\n<\/script>\n\t\t<\/div>\n\t<\/div>\n<\/div><\/div><\/div><\/div><\/div>","protected":false},"excerpt":{"rendered":"","protected":false},"author":1,"featured_media":1382,"parent":327,"menu_order":0,"comment_status":"closed","ping_status":"closed","template":"","meta":{"footnotes":""},"class_list":["post-3006","page","type-page","status-publish","has-post-thumbnail","hentry"],"_links":{"self":[{"href":"https:\/\/www.sylvaindavid.com\/en\/wp-json\/wp\/v2\/pages\/3006","targetHints":{"allow":["GET"]}}],"collection":[{"href":"https:\/\/www.sylvaindavid.com\/en\/wp-json\/wp\/v2\/pages"}],"about":[{"href":"https:\/\/www.sylvaindavid.com\/en\/wp-json\/wp\/v2\/types\/page"}],"author":[{"embeddable":true,"href":"https:\/\/www.sylvaindavid.com\/en\/wp-json\/wp\/v2\/users\/1"}],"replies":[{"embeddable":true,"href":"https:\/\/www.sylvaindavid.com\/en\/wp-json\/wp\/v2\/comments?post=3006"}],"version-history":[{"count":0,"href":"https:\/\/www.sylvaindavid.com\/en\/wp-json\/wp\/v2\/pages\/3006\/revisions"}],"up":[{"embeddable":true,"href":"https:\/\/www.sylvaindavid.com\/en\/wp-json\/wp\/v2\/pages\/327"}],"wp:featuredmedia":[{"embeddable":true,"href":"https:\/\/www.sylvaindavid.com\/en\/wp-json\/wp\/v2\/media\/1382"}],"wp:attachment":[{"href":"https:\/\/www.sylvaindavid.com\/en\/wp-json\/wp\/v2\/media?parent=3006"}],"curies":[{"name":"wp","href":"https:\/\/api.w.org\/{rel}","templated":true}]}}