{"id":3009,"date":"2020-10-14T11:07:20","date_gmt":"2020-10-14T09:07:20","guid":{"rendered":"https:\/\/www.sylvaindavid.com\/?page_id=3009"},"modified":"2020-11-12T16:26:23","modified_gmt":"2020-11-12T14:26:23","slug":"acide-hyaluronique-avant-apres","status":"publish","type":"page","link":"https:\/\/www.sylvaindavid.com\/en\/photo-avant-apres\/acide-hyaluronique-avant-apres\/","title":{"rendered":"Hyaluronic acid Before After"},"content":{"rendered":"<div      class=\"vc_row wpb_row section vc_row-fluid\" style=' text-align:left;'><div class=\"full_section_inner clearfix\"><div class=\"wpb_column vc_column_container vc_col-sm-12\"><div class=\"vc_column-inner\"><div class=\"wpb_wrapper\">\t<div class=\"vc_empty_space\"  style=\"height: 55px\" ><span\n\t\t\tclass=\"vc_empty_space_inner\">\n\t\t\t<span class=\"empty_space_image\"  ><\/span>\n\t\t<\/span><\/div>\n\n\n\t<div class=\"wpb_text_column wpb_content_element\">\n\t\t<div class=\"wpb_wrapper\">\n\t\t\t<h1 style=\"text-align: center;\">Hyaluronic acid Before After<\/h1>\n<div class=\"SnapLinksContainer\" style=\"margin-left: 0px; margin-top: 0px; display: none;\">\n<div class=\"SL_SelectionRect\">\n<div class=\"SL_SelectionLabel\"><\/div>\n<\/div>\n<p><!-- Used for easily cloning the properly namespaced rect --><\/p>\n<\/div>\n\n\t\t<\/div> \n\t<\/div> \t<div class=\"vc_empty_space\"  style=\"height: 35px\" ><span\n\t\t\tclass=\"vc_empty_space_inner\">\n\t\t\t<span class=\"empty_space_image\"  ><\/span>\n\t\t<\/span><\/div>\n\n<\/div><\/div><\/div><\/div><\/div><div      class=\"vc_row wpb_row section vc_row-fluid\" style=' text-align:left;'><div class=\"full_section_inner clearfix\"><div class=\"wpb_column vc_column_container vc_col-sm-12\"><div class=\"vc_column-inner\"><div class=\"wpb_wrapper\"><div class='projects_holder_outer v3 portfolio_with_space portfolio_standard'><div class='projects_holder portfolio_main_holder clearfix v3 standard portfolio_full_image'>\n<article class='mix portfolio_category_47 portfolio_category_6' style=''><div class='image_holder'><a itemprop='url' class='portfolio_link_for_touch' href='https:\/\/www.sylvaindavid.com\/en\/portfolio_page\/injection-dacide-hyaluronique-4\/' target='_self'><span class='image'><img decoding=\"async\" width=\"2000\" height=\"1000\" src=\"https:\/\/www.sylvaindavid.com\/wp-content\/uploads\/2018\/05\/sylvaindavid-chirurgien-medecine-esthetique-sillon-naso-genien-peeling-avant-apres-01-web.jpg\" class=\"attachment-full size-full wp-post-image\" alt=\"sillon naso genien peeling sur Nice\" srcset=\"https:\/\/www.sylvaindavid.com\/wp-content\/uploads\/2018\/05\/sylvaindavid-chirurgien-medecine-esthetique-sillon-naso-genien-peeling-avant-apres-01-web.jpg 2000w, https:\/\/www.sylvaindavid.com\/wp-content\/uploads\/2018\/05\/sylvaindavid-chirurgien-medecine-esthetique-sillon-naso-genien-peeling-avant-apres-01-web-300x150.jpg 300w, https:\/\/www.sylvaindavid.com\/wp-content\/uploads\/2018\/05\/sylvaindavid-chirurgien-medecine-esthetique-sillon-naso-genien-peeling-avant-apres-01-web-768x384.jpg 768w, https:\/\/www.sylvaindavid.com\/wp-content\/uploads\/2018\/05\/sylvaindavid-chirurgien-medecine-esthetique-sillon-naso-genien-peeling-avant-apres-01-web-1024x512.jpg 1024w, https:\/\/www.sylvaindavid.com\/wp-content\/uploads\/2018\/05\/sylvaindavid-chirurgien-medecine-esthetique-sillon-naso-genien-peeling-avant-apres-01-web-1000x500.jpg 1000w, https:\/\/www.sylvaindavid.com\/wp-content\/uploads\/2018\/05\/sylvaindavid-chirurgien-medecine-esthetique-sillon-naso-genien-peeling-avant-apres-01-web-700x350.jpg 700w\" sizes=\"(max-width: 2000px) 100vw, 2000px\" \/><\/span><\/a><span class='text_holder'><span class='text_outer'><span class='text_inner'><span class='feature_holder'><span class=\"feature_holder_icons\"><a itemprop='image' class='lightbox qbutton small white' title='hyaluronic acid injection' href='https:\/\/www.sylvaindavid.com\/wp-content\/uploads\/2018\/05\/sylvaindavid-chirurgien-medecine-esthetique-sillon-naso-genien-peeling-avant-apres-01-web.jpg' data-rel='prettyPhoto[pretty_photo_gallery]'>zoom<\/a><\/span><\/span><\/span><\/span><\/span><\/div><\/article>\n<article class='mix portfolio_category_47 portfolio_category_6' style=''><div class='image_holder'><a itemprop='url' class='portfolio_link_for_touch' href='https:\/\/www.sylvaindavid.com\/en\/portfolio_page\/injection-dacide-hyaluronique-3\/' target='_self'><span class='image'><img decoding=\"async\" width=\"1024\" height=\"512\" src=\"https:\/\/www.sylvaindavid.com\/wp-content\/uploads\/2018\/05\/sylvaindavid-chirurgien-medecine-esthetique-reparatrice-levre-avant-apres-01-web.jpg\" class=\"attachment-full size-full wp-post-image\" alt=\"Injection l\u00e8vre Avant Apr\u00e8s\" srcset=\"https:\/\/www.sylvaindavid.com\/wp-content\/uploads\/2018\/05\/sylvaindavid-chirurgien-medecine-esthetique-reparatrice-levre-avant-apres-01-web.jpg 1024w, https:\/\/www.sylvaindavid.com\/wp-content\/uploads\/2018\/05\/sylvaindavid-chirurgien-medecine-esthetique-reparatrice-levre-avant-apres-01-web-300x150.jpg 300w, https:\/\/www.sylvaindavid.com\/wp-content\/uploads\/2018\/05\/sylvaindavid-chirurgien-medecine-esthetique-reparatrice-levre-avant-apres-01-web-768x384.jpg 768w, https:\/\/www.sylvaindavid.com\/wp-content\/uploads\/2018\/05\/sylvaindavid-chirurgien-medecine-esthetique-reparatrice-levre-avant-apres-01-web-1000x500.jpg 1000w, https:\/\/www.sylvaindavid.com\/wp-content\/uploads\/2018\/05\/sylvaindavid-chirurgien-medecine-esthetique-reparatrice-levre-avant-apres-01-web-700x350.jpg 700w\" sizes=\"(max-width: 1024px) 100vw, 1024px\" \/><\/span><\/a><span class='text_holder'><span class='text_outer'><span class='text_inner'><span class='feature_holder'><span class=\"feature_holder_icons\"><a itemprop='image' class='lightbox qbutton small white' title='hyaluronic acid injection' href='https:\/\/www.sylvaindavid.com\/wp-content\/uploads\/2018\/05\/sylvaindavid-chirurgien-medecine-esthetique-reparatrice-levre-avant-apres-01-web.jpg' data-rel='prettyPhoto[pretty_photo_gallery]'>zoom<\/a><\/span><\/span><\/span><\/span><\/span><\/div><\/article>\n<article class='mix portfolio_category_47 portfolio_category_6' style=''><div class='image_holder'><a itemprop='url' class='portfolio_link_for_touch' href='https:\/\/www.sylvaindavid.com\/en\/portfolio_page\/injection-dacide-hyaluronique-2\/' target='_self'><span class='image'><img decoding=\"async\" width=\"2000\" height=\"1000\" src=\"https:\/\/www.sylvaindavid.com\/wp-content\/uploads\/2018\/05\/sylvaindavid-chirurgien-medecine-esthetique-lifting-homme-avant-apres-01-web.jpg\" class=\"attachment-full size-full wp-post-image\" alt=\"operation lifting homme \u00e0 Nice\" srcset=\"https:\/\/www.sylvaindavid.com\/wp-content\/uploads\/2018\/05\/sylvaindavid-chirurgien-medecine-esthetique-lifting-homme-avant-apres-01-web.jpg 2000w, https:\/\/www.sylvaindavid.com\/wp-content\/uploads\/2018\/05\/sylvaindavid-chirurgien-medecine-esthetique-lifting-homme-avant-apres-01-web-300x150.jpg 300w, https:\/\/www.sylvaindavid.com\/wp-content\/uploads\/2018\/05\/sylvaindavid-chirurgien-medecine-esthetique-lifting-homme-avant-apres-01-web-768x384.jpg 768w, https:\/\/www.sylvaindavid.com\/wp-content\/uploads\/2018\/05\/sylvaindavid-chirurgien-medecine-esthetique-lifting-homme-avant-apres-01-web-1024x512.jpg 1024w, https:\/\/www.sylvaindavid.com\/wp-content\/uploads\/2018\/05\/sylvaindavid-chirurgien-medecine-esthetique-lifting-homme-avant-apres-01-web-1000x500.jpg 1000w, https:\/\/www.sylvaindavid.com\/wp-content\/uploads\/2018\/05\/sylvaindavid-chirurgien-medecine-esthetique-lifting-homme-avant-apres-01-web-700x350.jpg 700w\" sizes=\"(max-width: 2000px) 100vw, 2000px\" \/><\/span><\/a><span class='text_holder'><span class='text_outer'><span class='text_inner'><span class='feature_holder'><span class=\"feature_holder_icons\"><a itemprop='image' class='lightbox qbutton small white' title='hyaluronic acid injection' href='https:\/\/www.sylvaindavid.com\/wp-content\/uploads\/2018\/05\/sylvaindavid-chirurgien-medecine-esthetique-lifting-homme-avant-apres-01-web.jpg' data-rel='prettyPhoto[pretty_photo_gallery]'>zoom<\/a><\/span><\/span><\/span><\/span><\/span><\/div><\/article>\n<article class='mix portfolio_category_47 portfolio_category_6' style=''><div class='image_holder'><a itemprop='url' class='portfolio_link_for_touch' href='https:\/\/www.sylvaindavid.com\/en\/portfolio_page\/injection-dacide-hyaluronique\/' target='_self'><span class='image'><img decoding=\"async\" width=\"2000\" height=\"1000\" src=\"https:\/\/www.sylvaindavid.com\/wp-content\/uploads\/2018\/05\/sylvaindavid-chirurgien-medecine-esthetique-lifting-femme-avant-apres-01-web.jpg\" class=\"attachment-full size-full wp-post-image\" alt=\"lifting femme \u00e0 Nice\" srcset=\"https:\/\/www.sylvaindavid.com\/wp-content\/uploads\/2018\/05\/sylvaindavid-chirurgien-medecine-esthetique-lifting-femme-avant-apres-01-web.jpg 2000w, https:\/\/www.sylvaindavid.com\/wp-content\/uploads\/2018\/05\/sylvaindavid-chirurgien-medecine-esthetique-lifting-femme-avant-apres-01-web-300x150.jpg 300w, https:\/\/www.sylvaindavid.com\/wp-content\/uploads\/2018\/05\/sylvaindavid-chirurgien-medecine-esthetique-lifting-femme-avant-apres-01-web-768x384.jpg 768w, https:\/\/www.sylvaindavid.com\/wp-content\/uploads\/2018\/05\/sylvaindavid-chirurgien-medecine-esthetique-lifting-femme-avant-apres-01-web-1024x512.jpg 1024w, https:\/\/www.sylvaindavid.com\/wp-content\/uploads\/2018\/05\/sylvaindavid-chirurgien-medecine-esthetique-lifting-femme-avant-apres-01-web-1000x500.jpg 1000w, https:\/\/www.sylvaindavid.com\/wp-content\/uploads\/2018\/05\/sylvaindavid-chirurgien-medecine-esthetique-lifting-femme-avant-apres-01-web-700x350.jpg 700w\" sizes=\"(max-width: 2000px) 100vw, 2000px\" \/><\/span><\/a><span class='text_holder'><span class='text_outer'><span class='text_inner'><span class='feature_holder'><span class=\"feature_holder_icons\"><a itemprop='image' class='lightbox qbutton small white' title='hyaluronic acid injection' href='https:\/\/www.sylvaindavid.com\/wp-content\/uploads\/2018\/05\/sylvaindavid-chirurgien-medecine-esthetique-lifting-femme-avant-apres-01-web.jpg' data-rel='prettyPhoto[pretty_photo_gallery]'>zoom<\/a><\/span><\/span><\/span><\/span><\/span><\/div><\/article>\n<div class='filler'><\/div>\n<div class='filler'><\/div>\n<div class='filler'><\/div>\n<\/div><\/div><\/div><\/div><\/div><\/div><\/div><div      class=\"vc_row wpb_row section vc_row-fluid\" style=' text-align:left;'><div class=\"full_section_inner clearfix\"><div class=\"wpb_column vc_column_container vc_col-sm-12\"><div class=\"vc_column-inner\"><div class=\"wpb_wrapper\">\n\t<div class=\"wpb_text_column wpb_content_element\">\n\t\t<div class=\"wpb_wrapper\">\n\t\t\t<p>The skin's natural aging process creates a progressive reduction in the collagen layer that supports it. A youthful face is characterized by a regular oval, full cheeks and a well-defined jawline. However, the shape and contours of the face change over the years. As facial volume diminishes, the skin thins and the effects of gravity become apparent.<\/p>\n<p>One of the most visible signs of facial aging is the sagging of the features and hollowing of the cheeks caused by the gradual loss of volume or dermal density.<\/p>\n<p>The hyaluronic acid injectables used in Nice replace these lost facial volumes. They also correct signs of fatigue around the eyes and make the lips plump and supple.<\/p>\n<p>Filler injections are ideal for people who want facial rejuvenation without resorting to invasive methods, and with a short recovery period.<\/p>\n<p>Filler injections are used to improve facial contours, making them look attractive and rejuvenated. They can also be used to fill facial wrinkles, as well as depressions in the skin's surface caused by old scars.<\/p>\n<h2>Areas of action of a hyaluronic acid injection<\/h2>\n<ul>\n<li>Forehead wrinkles<\/li>\n<li>Corrects crow's feet and dark circles<\/li>\n<li>Mouth contour<\/li>\n<li>Lip volume<\/li>\n<li>Facial contours, nasolabial folds, cheeks and cheekbones<\/li>\n<\/ul>\n<p>The most important aspect of hyaluronic acid filling injections in Nice is the natural look of the face once the injections have been completed.<\/p>\n<p>It's important to understand that the result of an injection session depends less on the type of injection, and more on the doctor's injection method. What really counts is the amount of product injected into each area.<\/p>\n<h2>What do you need to do to prepare for your hyaluronic acid injection?<\/h2>\n<ul>\n<li>Use a superficial pre-peel solution to tighten your skin's pores and optimize the duration of the filling,<\/li>\n<li>Moisturize your skin well in the weeks before,<\/li>\n<li>Treat fever blisters (herpes) with an anti-herpes treatment.<\/li>\n<\/ul>\n<p>For 4 to 8 days before the injection, avoid taking aspirin and anti-inflammatory drugs.<\/p>\n<p>For 24 hours before the injection, avoid alcohol and sun exposure. If a skin lesion occurs on the day of injection (rash, herpes, pustule, skin rash, urticaria, etc.), postpone the injection until it has healed.<\/p>\n<h2>What to do after hyaluronic acid injection<\/h2>\n<p>Within 4 hours :<\/p>\n<ul>\n<li>Avoid making faces or massaging the injected area.<\/li>\n<li>No traumatic sports (jogging, boxing) or sauna\/hammam.<\/li>\n<li>You may notice some redness on the various treated areas, which will disappear within a few hours.<\/li>\n<li>Make-up can be applied the same evening.<\/li>\n<\/ul>\n<p>24 to 48 hours after the session, a few bruises may occur:<\/p>\n<ul>\n<li>either not visible, but felt as small, hard, painful balls<\/li>\n<li>either visible, the color will change from blue to green-yellow in a few days<\/li>\n<\/ul>\n<p>For lasting results, you can :<\/p>\n<ul>\n<li>Apply a moisturizing cream morning and night.<\/li>\n<li>Always apply a high-protection SPF 50 sunblock during the day.<\/li>\n<li>Avoid alcohol, stress, smoking, lack of sleep and violent sports, all of which cause oxidative stress and accelerate skin aging.<\/li>\n<\/ul>\n\n\t\t<\/div> \n\t<\/div> \n\t<div class=\"wpb_raw_code wpb_content_element wpb_raw_html\">\n\t\t<div class=\"wpb_wrapper\">\n\t\t\t<script type=\"application\/ld+json\">\n{\n  \"@context\": \"https:\/\/schema.org\",\n  \"@type\": \"FAQPage\",\n  \"mainEntity\": [{\n    \"@type\": \"Question\",\n    \"name\": \"Zones d\u2019action d\u2019une injection d\u2019acide hyaluronique\",\n    \"acceptedAnswer\": {\n      \"@type\": \"Answer\",\n      \"text\": \"\u2022\tRides du front\n\u2022\tCorrige les pattes d\u2019oie et les cernes\n\u2022\tContour de la bouche\n\u2022\tVolume des l\u00e8vres\n\u2022\tContour du visage, plis naso-g\u00e9niens, joues et pommettes\nLe point le plus important lors d\u2019une injection de comblement \u00e0 base d\u2019acide hyaluronique \u00e0 Nice est le r\u00e9sultat naturel du visage une fois ces injections compl\u00e9t\u00e9es.\nIl est important de comprendre que le r\u00e9sultat d\u2019une s\u00e9ance d\u2019injection d\u00e9pend moins du type d\u2019injection, et plus de la m\u00e9thode d\u2019injection du m\u00e9decin. Ce qui compte vraiment c\u2019est la quantit\u00e9 de produit inject\u00e9 dans chaque zone\"\n    }\n  },{\n    \"@type\": \"Question\",\n    \"name\": \"Que devez-vous faire pour bien pr\u00e9parer votre injection d\u2019acide hyaluronique ?\",\n    \"acceptedAnswer\": {\n      \"@type\": \"Answer\",\n      \"text\": \"\u2022\tUtilisez une solution pr\u00e9-peel superficielle de mani\u00e8re \u00e0 resserrer les pores de votre peau et d\u2019optimiser la dur\u00e9e du comblement,\n\u2022\tBien hydratez votre peau les semaines qui pr\u00e9c\u00e8dent,\n\u2022\tTraitez les boutons de fi\u00e8vre (herp\u00e8s) en prenant un traitement antiherp\u00e9tique.\nDurant les 4 \u00e0 8 jours avant l\u2019injection, \u00e9vitez de prendre de l\u2019aspirine et des anti-inflammatoires.\nDans les 24 heures avant l\u2019injection, \u00e9vitez l\u2019alcool et l\u2019exposition solaire. Si le jour de l\u2019injection survient une l\u00e9sion cutan\u00e9e (\u00e9ruption, herp\u00e8s, pustule, rash cutan\u00e9, urticaire\u2026), reportez l\u2019injection apr\u00e8s gu\u00e9rison.\"\n    }\n  }]\n}\n<\/script>\n\t\t<\/div>\n\t<\/div>\n<\/div><\/div><\/div><\/div><\/div>","protected":false},"excerpt":{"rendered":"","protected":false},"author":1,"featured_media":182,"parent":327,"menu_order":0,"comment_status":"closed","ping_status":"closed","template":"","meta":{"footnotes":""},"class_list":["post-3009","page","type-page","status-publish","has-post-thumbnail","hentry"],"_links":{"self":[{"href":"https:\/\/www.sylvaindavid.com\/en\/wp-json\/wp\/v2\/pages\/3009","targetHints":{"allow":["GET"]}}],"collection":[{"href":"https:\/\/www.sylvaindavid.com\/en\/wp-json\/wp\/v2\/pages"}],"about":[{"href":"https:\/\/www.sylvaindavid.com\/en\/wp-json\/wp\/v2\/types\/page"}],"author":[{"embeddable":true,"href":"https:\/\/www.sylvaindavid.com\/en\/wp-json\/wp\/v2\/users\/1"}],"replies":[{"embeddable":true,"href":"https:\/\/www.sylvaindavid.com\/en\/wp-json\/wp\/v2\/comments?post=3009"}],"version-history":[{"count":0,"href":"https:\/\/www.sylvaindavid.com\/en\/wp-json\/wp\/v2\/pages\/3009\/revisions"}],"up":[{"embeddable":true,"href":"https:\/\/www.sylvaindavid.com\/en\/wp-json\/wp\/v2\/pages\/327"}],"wp:featuredmedia":[{"embeddable":true,"href":"https:\/\/www.sylvaindavid.com\/en\/wp-json\/wp\/v2\/media\/182"}],"wp:attachment":[{"href":"https:\/\/www.sylvaindavid.com\/en\/wp-json\/wp\/v2\/media?parent=3009"}],"curies":[{"name":"wp","href":"https:\/\/api.w.org\/{rel}","templated":true}]}}