{"id":508,"date":"2015-10-31T17:55:08","date_gmt":"2015-10-31T15:55:08","guid":{"rendered":"https:\/\/www.sylvaindavid.com\/?page_id=508"},"modified":"2020-10-09T11:11:01","modified_gmt":"2020-10-09T09:11:01","slug":"chirurgien-esthetique-cannes","status":"publish","type":"page","link":"https:\/\/www.sylvaindavid.com\/en\/chirurgien-esthetique-cannes\/","title":{"rendered":"Cosmetic surgery : Coming from Cannes"},"content":{"rendered":"<div      class=\"vc_row wpb_row section vc_row-fluid\" style=' text-align:left;'><div class=\"full_section_inner clearfix\"><div class=\"wpb_column vc_column_container vc_col-sm-12\"><div class=\"vc_column-inner\"><div class=\"wpb_wrapper\">\t<div class=\"vc_empty_space\"  style=\"height: 35px\" ><span\n\t\t\tclass=\"vc_empty_space_inner\">\n\t\t\t<span class=\"empty_space_image\"  ><\/span>\n\t\t<\/span><\/div>\n\n\n\t<div class=\"wpb_text_column wpb_content_element\">\n\t\t<div class=\"wpb_wrapper\">\n\t\t\t<h1 style=\"text-align: center;\">Cosmetic surgery: Coming from Cannes<\/h1>\n\n\t\t<\/div> \n\t<\/div> \n\t<div class=\"wpb_text_column wpb_content_element\">\n\t\t<div class=\"wpb_wrapper\">\n\t\t\t<p>To make it easier for you to consult Dr Sylvain David in Nice within the\u00a0<strong>Alpes-Maritimes 06.<\/strong><\/p>\n<p>On this page, you'll find directions from your home town on the C\u00f4te d'Azur (Cannes, Monaco, Antibes, Grasse).<\/p>\n<p>Cosmetic surgery in our d\u00e9partement is booming, especially in major cities such as Nice, Cannes, Antibes and Grasse.<\/p>\n<div>\u00a0Dr. Sylvain David practices in Nice, but patients come from all over the department. To help you locate Dr Sylvain David's practice, we've provided maps.<\/div>\n<p>&nbsp;<\/p>\n<h2>To come to our consultation from<strong>\u00a0Cannes:<\/strong><\/h2>\n<p><strong>\u00a0<\/strong>You can follow the map below:<\/p>\n<p>The easiest way is to take the freeway from\u00a0<span style=\"text-decoration: underline;\">Cannes<\/span>\u00a0and take exit 50 to Nice. The journey from Cannes to Nice takes around half an hour.<\/p>\n<p>&nbsp;<\/p>\n<h2>To come to our consultation from<strong>\u00a0Antibes:<\/strong><\/h2>\n<p>You can follow the map below to come from Antibes.<\/p>\n<p>The easiest way is to take the freeway from Antibes and take exit 50 to Nice. The Antibes-Nice journey takes about half an hour.<\/p>\n<p>&nbsp;<\/p>\n<h2>To come to our consultation from<strong>\u00a0Monaco:<\/strong><\/h2>\n<p>To come to our consultation from\u00a0<a href=\"https:\/\/www.sylvaindavid.com\/en\/chirurgie-esthetique-monaco\/\"><strong>Monaco<\/strong><\/a><\/p>\n\n\t\t<\/div> \n\t<\/div> <div class=\"separator  transparent\" style=\"margin-top: 25px;margin-bottom: 25px;\"><\/div>\n<\/div><\/div><\/div><\/div><\/div><div      class=\"vc_row wpb_row section vc_row-fluid\" style=' text-align:left;'><div class=\"full_section_inner clearfix\"><div class=\"wpb_column vc_column_container vc_col-sm-12\"><div class=\"vc_column-inner\"><div class=\"wpb_wrapper\"><div class=\"wpb_gmaps_widget wpb_content_element\">\n\t<h2 class=\"wpb_heading wpb_map_heading\">How to find us<\/h2>\t<div class=\"wpb_wrapper\">\n\t\t<div class=\"wpb_map_wraper\">\n\t\t\t<iframe src=\"https:\/\/www.google.com\/maps\/embed?pb=!1m18!1m12!1m3!1d2884.7346674635473!2d7.269719815499102!3d43.69527927911996!2m3!1f0!2f0!3f0!3m2!1i1024!2i768!4f13.1!3m3!1m2!1s0x12cddaa55ebf2679%3A0x6b030567f33a5d5e!2sDocteur+Sylvain+David+-+Chirurgien+esth%C3%A9tique+Nice!5e0!3m2!1sfr!2sfr!4v1562331833500!5m2!1sfr!2sfr\" width=\"600\" height=\"450\" frameborder=\"0\" style=\"border:0\" allowfullscreen><\/iframe>\t\t<\/div>\n\t<\/div>\n<\/div>\n<\/div><\/div><\/div><\/div><\/div><div      class=\"vc_row wpb_row section vc_row-fluid\" style=' text-align:left;'><div class=\"full_section_inner clearfix\"><div class=\"wpb_column vc_column_container vc_col-sm-12\"><div class=\"vc_column-inner\"><div class=\"wpb_wrapper\"><div class=\"separator  transparent\" style=\"margin-top: 25px;margin-bottom: 25px;\"><\/div>\n\n\t<div class=\"wpb_text_column wpb_content_element\">\n\t\t<div class=\"wpb_wrapper\">\n\t\t\t<h4>Aesthetic medicine:<\/h4>\n<p>If you wish to carry out\u00a0<a title=\"botox injection cannes\" href=\"https:\/\/www.sylvaindavid.com\/en\/medecine-esthetique\/toxine-botulique-botox\/\">botox injections from Cannes<\/a>\u00a0in Nice \"botulinum toxin\" with Dr. David in Cannes, Alpes-Maritimes: Botulinum toxin relaxes the muscles and prevents them from contracting, resulting in the disappearance of dynamic wrinkles in the upper face, such as frown lines, forehead wrinkles or crow's feet.<br \/>\nFor information on\u00a0<a title=\"HYALURONIC ACID INJECTION canes\" href=\"https:\/\/www.sylvaindavid.com\/en\/medecine-esthetique\/injection-acide-hyaluronique\/\">hyaluronic acid injections from Cannes<\/a>\u00a0in Nice, Alpes-Maritimes with Dr Sylvain David: Hyaluronic acid is used to treat wrinkles and furrows by filling them. Hyaluronic acid is a natural component of the skin, and hyaluronic acid injections can be used to treat the effects of aging.<br \/>\nMedical rhinoplasty in the Alpes-Maritimes from Cannes. Medical rhinoplasty treats minor deformities of the nose, such as a saddlewheel, a small bump or a nose projection defect.<br \/>\nMedical facelift in the Alpes-Maritimes from Cannes.<\/p>\n<h5>Facial plastic surgery:<\/h5>\n<p>The cervicofacial lift is the most effective and natural facelift; Find out more about..: Cosmetic surgery on the\u00a0<a title=\"LIFTING canes\" href=\"https:\/\/www.sylvaindavid.com\/en\/chirurgie-visage\/lifting-cervico-facial\/\">Facelift near Cannes<\/a>\u00a0in Nice, Alpes-Maritimes<br \/>\nAesthetic eyelid surgery \"blepharoplasty\" in Alpes-Maritimes from Cannes<br \/>\nThe most common facial plastic surgery in France is rhinoplasty: Find out more about: aesthetic nose surgery,\u00a0<a title=\"RHINOPLASTIE cannes\" href=\"https:\/\/www.sylvaindavid.com\/en\/medecine-esthetique\/rhinoplastie-medicale\/\">rhinoplasty from Cannes<\/a>\u00a0in the Alpes-Maritimes<\/p>\n<h5>Cosmetic breast surgery:<\/h5>\n<p>Breast augmentation surgery by prosthesis or fat transfer is constantly evolving: To find out more about the modalities of cosmetic surgery\u00a0<a title=\"MAMMAIRE AUGMENTATION canes\" href=\"https:\/\/www.sylvaindavid.com\/en\/chirurgie-seins\/augmentation-mammaire\/\">breast augmentation<\/a>\u00a0by prosthesis in Nice near Cannes in the Alpes-Maritimes.<\/p>\n<h5>Body contouring surgery:<\/h5>\n<p>On this site you will find information about liposuction cosmetic surgery near Cannes in the Alpes-Maritimes.<br \/>\nFind out more about abdominoplasty cosmetic surgery near Cannes in the Alpes-Maritimes region<\/p>\n<h5>Intimate plastic surgery:<\/h5>\n<p>Labia minora reduction surgery \"nymphoplasty\", in Alpes-Maritimes and Cannes<\/p>\n<h2><\/h2>\n\n\t\t<\/div> \n\t<\/div> <div class=\"separator  transparent\" style=\"margin-top: 25px;margin-bottom: 25px;\"><\/div>\n<\/div><\/div><\/div><\/div><\/div>","protected":false},"excerpt":{"rendered":"Chirurgie esth\u00e9tique: Venir de Cannes Pour vous faciliter l'acc\u00e8s \u00e0 la consultation du docteur Sylvain David \u00e0 Nice dans les\u00a0Alpes-Maritimes 06. Vous trouverez sur cette page le trajet depuis votre...","protected":false},"author":1,"featured_media":0,"parent":0,"menu_order":4,"comment_status":"closed","ping_status":"closed","template":"","meta":{"footnotes":""},"class_list":["post-508","page","type-page","status-publish","hentry"],"_links":{"self":[{"href":"https:\/\/www.sylvaindavid.com\/en\/wp-json\/wp\/v2\/pages\/508","targetHints":{"allow":["GET"]}}],"collection":[{"href":"https:\/\/www.sylvaindavid.com\/en\/wp-json\/wp\/v2\/pages"}],"about":[{"href":"https:\/\/www.sylvaindavid.com\/en\/wp-json\/wp\/v2\/types\/page"}],"author":[{"embeddable":true,"href":"https:\/\/www.sylvaindavid.com\/en\/wp-json\/wp\/v2\/users\/1"}],"replies":[{"embeddable":true,"href":"https:\/\/www.sylvaindavid.com\/en\/wp-json\/wp\/v2\/comments?post=508"}],"version-history":[{"count":0,"href":"https:\/\/www.sylvaindavid.com\/en\/wp-json\/wp\/v2\/pages\/508\/revisions"}],"wp:attachment":[{"href":"https:\/\/www.sylvaindavid.com\/en\/wp-json\/wp\/v2\/media?parent=508"}],"curies":[{"name":"wp","href":"https:\/\/api.w.org\/{rel}","templated":true}]}}