{"id":528,"date":"2015-10-31T18:44:45","date_gmt":"2015-10-31T16:44:45","guid":{"rendered":"https:\/\/www.sylvaindavid.com\/?page_id=528"},"modified":"2023-10-26T08:37:46","modified_gmt":"2023-10-26T07:37:46","slug":"contact-chirurgien-esthetique","status":"publish","type":"page","link":"https:\/\/www.sylvaindavid.com\/en\/contact-chirurgien-esthetique\/","title":{"rendered":"Contact Aesthetic Surgeon Nice"},"content":{"rendered":"<div      class=\"vc_row wpb_row section vc_row-fluid  grid_section\" style=' text-align:left;'><div class=\"section_inner clearfix\"><div class='section_inner_margin clearfix'><div class=\"wpb_column vc_column_container vc_col-sm-6\"><div class=\"vc_column-inner\"><div class=\"wpb_wrapper\"><div class=\"separator  normal\" style=\"margin-top: 36px;opacity: 0;\"><\/div>\n\n\t<div class=\"wpb_text_column wpb_content_element\">\n\t\t<div class=\"wpb_wrapper\">\n\t\t\t<h2 style=\"text-align: center;\"><a href=\"https:\/\/www.doctolib.fr\/chirurgien-plastique\/nice\/sylvain-david\" target=\"_blank\" rel=\"noopener\">I make an appointment on doctolib<\/a><\/h2>\n<h2 style=\"text-align: center;\"><a href=\"https:\/\/www.doctolib.fr\/chirurgien-plastique\/nice\/sylvain-david\" target=\"_blank\" rel=\"noopener\">APPOINTMENT SCHEDULING<\/a><\/h2>\n<h2><span style=\"color: #ff0000;\">\u00a0<\/span><\/h2>\n\n\t\t<\/div> \n\t<\/div> <div class=\"separator  normal\" style=\"margin-top: 36px;opacity: 0;\"><\/div>\n<div class=\"separator  normal\" style=\"opacity: 0;\"><\/div>\n<div class=\"call_to_action normal\" style=\"\"><div class=\"container_inner\"><div class=\"two_columns_75_25 clearfix\"><div class=\"text_wrapper column1\"><div class=\"call_to_action_text\" style=\"\"><a href=\"https:\/\/www.doctolib.fr\/chirurgien-plastique\/nice\/sylvain-david\" target=\"_blank\" rel=\"noopener\">I make an appointment on doctolib<\/a><\/div><\/div><\/div><\/div><\/div><\/div><\/div><\/div><div class=\"wpb_column vc_column_container vc_col-sm-6\"><div class=\"vc_column-inner\"><div class=\"wpb_wrapper\"><div class=\"separator  normal\" style=\"margin-top: 40px;opacity: 0;\"><\/div>\n\n\t<div class=\"wpb_text_column wpb_content_element\">\n\t\t<div class=\"wpb_wrapper\">\n\t\t\t<h1 style=\"text-align: center;\">Contact<\/h1>\n\n\t\t<\/div> \n\t<\/div> <div class=\"separator  normal\" style=\"margin-top: 40px;opacity: 0;\"><\/div>\n\n\t<div class=\"wpb_text_column wpb_content_element\">\n\t\t<div class=\"wpb_wrapper\">\n\t\t\t<h2>OPERA Aesthetic medical center<\/h2>\n<p><strong>93 , Quai des \u00e9tats unis,\u00a0<\/strong><strong>06300 Nice.<\/strong><\/p>\n<p><span data-type=\"circle\"   class=\"qode_icon_shortcode fa-stack q_font_awsome_icon_stack fa-lg\" style=\" \"><i class=\"fa fa-circle fa-stack-base fa-stack-2x\" style=\"color: #FFFFFF;\"><\/i><i class=\"qode_icon_font_awesome fa fa-phone qode_icon_element fa-stack-1x\" style=\"color: #7283a8;\" ><\/i><\/span> \u00a0<strong>04 89 97 86 60<\/strong>.<\/p>\n\n\t\t<\/div> \n\t<\/div> <div class=\"separator  normal\" style=\"margin-top: 40px;opacity: 0;\"><\/div>\n\n\t<div class=\"wpb_text_column wpb_content_element\">\n\t\t<div class=\"wpb_wrapper\">\n\t\t\t<h5>Contact Dr Sylvain David by mail :<\/h5>\n<p>To make an appointment, please use the Doctolib contact form on the left.<\/p>\n\n\t\t<\/div> \n\t<\/div> <div class=\"separator  normal\" style=\"opacity: 0;\"><\/div>\n\n\t<div class=\"wpb_text_column wpb_content_element\">\n\t\t<div class=\"wpb_wrapper\">\n\t\t\t<p>[contact-form-7 id=\"531\u2033 title=\"Contact form 1\u2033]<\/p>\n\n\t\t<\/div> \n\t<\/div> <\/div><\/div><\/div><\/div><\/div><\/div><div      class=\"vc_row wpb_row section vc_row-fluid\" style=' text-align:left;'><div class=\"full_section_inner clearfix\"><div class=\"wpb_column vc_column_container vc_col-sm-12\"><div class=\"vc_column-inner\"><div class=\"wpb_wrapper\"><div class=\"separator  normal\" style=\"opacity: 0;\"><\/div>\n<div class=\"wpb_gmaps_widget wpb_content_element\">\n\t\t<div class=\"wpb_wrapper\">\n\t\t<div class=\"wpb_map_wraper\">\n\t\t\t<iframe src=\"https:\/\/www.google.com\/maps\/embed?pb=!1m18!1m12!1m3!1d2884.7346674635473!2d7.269719815499102!3d43.69527927911996!2m3!1f0!2f0!3f0!3m2!1i1024!2i768!4f13.1!3m3!1m2!1s0x12cddaa55ebf2679%3A0x6b030567f33a5d5e!2sDocteur+Sylvain+David+-+Chirurgien+esth%C3%A9tique+Nice!5e0!3m2!1sfr!2sfr!4v1562331833500!5m2!1sfr!2sfr\" width=\"600\" height=\"600\" frameborder=\"0\" style=\"border:0\" allowfullscreen><\/iframe>\t\t<\/div>\n\t<\/div>\n<\/div>\n<\/div><\/div><\/div><\/div><\/div>","protected":false},"excerpt":{"rendered":"Make an appointment on doctolib MAKE AN APPOINTMENT Make an appointment on doctolib Contact OPERA Centre m\u00e9dical esth\u00e9tique 93 , Quai des \u00e9tats unis, 06300 Nice. 04 89...","protected":false},"author":1,"featured_media":0,"parent":0,"menu_order":5,"comment_status":"closed","ping_status":"closed","template":"full_width.php","meta":{"footnotes":""},"class_list":["post-528","page","type-page","status-publish","hentry"],"_links":{"self":[{"href":"https:\/\/www.sylvaindavid.com\/en\/wp-json\/wp\/v2\/pages\/528","targetHints":{"allow":["GET"]}}],"collection":[{"href":"https:\/\/www.sylvaindavid.com\/en\/wp-json\/wp\/v2\/pages"}],"about":[{"href":"https:\/\/www.sylvaindavid.com\/en\/wp-json\/wp\/v2\/types\/page"}],"author":[{"embeddable":true,"href":"https:\/\/www.sylvaindavid.com\/en\/wp-json\/wp\/v2\/users\/1"}],"replies":[{"embeddable":true,"href":"https:\/\/www.sylvaindavid.com\/en\/wp-json\/wp\/v2\/comments?post=528"}],"version-history":[{"count":0,"href":"https:\/\/www.sylvaindavid.com\/en\/wp-json\/wp\/v2\/pages\/528\/revisions"}],"wp:attachment":[{"href":"https:\/\/www.sylvaindavid.com\/en\/wp-json\/wp\/v2\/media?parent=528"}],"curies":[{"name":"wp","href":"https:\/\/api.w.org\/{rel}","templated":true}]}}